{"id":45751,"date":"2025-06-04T16:48:27","date_gmt":"2025-06-04T14:48:27","guid":{"rendered":"https:\/\/www.frogblue.com\/cookiepolicy\/"},"modified":"2025-06-04T16:48:27","modified_gmt":"2025-06-04T14:48:27","slug":"cookiepolicy","status":"publish","type":"page","link":"https:\/\/www.frogblue.com\/sv\/cookiepolicy\/","title":{"rendered":"Cookiepolicy"},"content":{"rendered":"<p>Med denna cookiepolicy vill vi f\u00f6rklara vad cookies och cookie-liknande tekniker \u00e4r, hur vi och andra tj\u00e4nsteleverant\u00f6rer anv\u00e4nder dem p\u00e5 denna webbplats, vilken information de samlar in samt hur l\u00e4nge och f\u00f6r vilka \u00e4ndam\u00e5l vi anv\u00e4nder dem.<\/p>\n<h2>Inneh\u00e5llsf\u00f6rteckning<\/h2>\n<ul>\n<li><a href=\"#diff-to-privacy-policy\">Till\u00e4gg till personuppgiftspolicyn<\/a><\/li>\n<li><a href=\"#cookie-technology\">Vad \u00e4r cookies och liknande teknik?<\/a><\/li>\n<li><a href=\"#legal-basis\">Vilken \u00e4r den r\u00e4ttsliga grunden f\u00f6r att placera\/l\u00e4sa cookies?<\/a><\/li>\n<li><a href=\"#rights-of-visitor\">Vilka r\u00e4ttigheter har webbplatsbes\u00f6karen?<\/a><\/li>\n<li><a href=\"#manage-cookies\">Hur hanterar man cookies i en webbl\u00e4sare?<\/a><\/li>\n<li><a href=\"#types-of-cookies\">Vilka typer av cookies finns?<\/a><\/li>\n<li><a href=\"#cookies-origin\">Vem kan placera cookies p\u00e5 den h\u00e4r webbplatsen?<\/a><\/li>\n<li><a href=\"#list-of-services\">Vilka cookies anv\u00e4nds p\u00e5 den h\u00e4r webbplatsen?<\/a><\/li>\n<\/ul>\n<h2 id=\"diff-to-privacy-policy\">Till\u00e4gg till personuppgiftspolicyn<\/h2>\n<p>Denna cookiepolicy \u00e4r ett komplement till den h\u00e4r webbplatsens <a href=\"https:\/\/www.frogblue.com\/sv\/data-protection\/\" target=\"_blank\">personuppgiftspolicy<\/a>. Cookiepolicyn anger hur en webbplats till\u00e4mpar cookies och vilka uppgifter den samlar in genom dem, medan personuppgiftspolicyn \u00e4r en mer omfattande \u00f6versikt \u00f6ver alla aktiviteter r\u00f6rande behandling av personuppgifter p\u00e5 webbplatsen och d\u00e4refter.<\/p>\n<h2 id=\"cookie-technology\">Vad \u00e4r cookies och liknande teknik?<\/h2>\n<p>Cookies \u00e4r sm\u00e5 informationsbitar som liknar textfiler och som kan lagras och l\u00e4sas p\u00e5 slutenheten. De anv\u00e4nds f\u00f6r olika \u00e4ndam\u00e5l, bland annat f\u00f6r att uppr\u00e4tth\u00e5lla webbplatsens grundl\u00e4ggande funktioner, s\u00e4kerhet och integritet, tillhandah\u00e5lla valfria funktioner p\u00e5 webbplatsen, samla in statistiska uppgifter om bes\u00f6karfl\u00f6den och tillhandah\u00e5lla marknadsf\u00f6ringssystem. Praktiska exempel p\u00e5 vad som kan lagras i cookies \u00e4r lagring av inloggningsstatus f\u00f6r anv\u00e4ndarkonton, inneh\u00e5llet i varukorgar p\u00e5 e-handelsplattformar eller ett anv\u00e4ndar-ID f\u00f6r att sp\u00e5ra beteende p\u00e5 webbplatsen.<\/p>\n<p>Informationen kan tekniskt sett lagras p\u00e5 olika s\u00e4tt. De mest k\u00e4nda exemplen p\u00e5 detta \u00e4r HTTP-cookies och cookie-liknande tekniker som till\u00e4mpar lokal lagring, sessionslagring eller IndexedDB. Varje typ av lagring har olika egenskaper som avg\u00f6r den tekniska hanteringen, tillg\u00e4ngligheten och vilka styrenheter som har beh\u00f6righet att komma \u00e5t informationen. Alla dessa typer av lagring sammanfattas vanligtvis under termen \"cookies\" och kallas d\u00e4rf\u00f6r s\u00e5 i denna cookiepolicy.<\/p>\n<h2 id=\"legal-basis\">Vilken \u00e4r den r\u00e4ttsliga grunden f\u00f6r att placera\/l\u00e4sa cookies?<\/h2>\n<p>Placeringen och l\u00e4sningen av cookies i Europeiska Unionen (EU) och Europeiska Ekonomiska Samarbetsomr\u00e5det (EES) \u00e4r i enlighet med 9 kap. 28 \u00a7 Lagen om elektronisk kommunikation (LEK) endast till\u00e5tet om en anv\u00e4ndare har gett sitt samtycke p\u00e5 grundval av omfattande information om \u00e4ndam\u00e5len med behandlingen. Webbplatsoperat\u00f6ren kan ocks\u00e5 placera cookies om de \u00e4r absolut n\u00f6dv\u00e4ndiga f\u00f6r att ge dig som anv\u00e4ndare den uttryckligen beg\u00e4rda tj\u00e4nsten, t.ex. det grundl\u00e4ggande inneh\u00e5llet p\u00e5 denna webbplats eller andra absolut n\u00f6dv\u00e4ndiga cookies f\u00f6r den grundl\u00e4ggande funktionaliteten f\u00f6r webbplatsen som ska kunna visas f\u00f6r dig utan ditt samtycke.<\/p>\n<h2 id=\"rights-of-visitor\">Vilka r\u00e4ttigheter har webbplatsbes\u00f6karen?<\/h2>\n<p>Tj\u00e4nster och deras cookies kan placeras och l\u00e4sas baserat p\u00e5 den r\u00e4ttsliga grunden i form av ditt samtycke eller ett ber\u00e4ttigat intresse. N\u00e4r du bes\u00f6kte den h\u00e4r webbplatsen f\u00f6r f\u00f6rsta g\u00e5ngen blev du ombedd att ge ditt samtycke och du hade m\u00f6jlighet att inv\u00e4nda mot anv\u00e4ndningen av vissa tj\u00e4nster. Vi f\u00f6rklarade vilken r\u00e4ttslig grund som avses f\u00f6r respektive tj\u00e4nst i v\u00e5r samtyckesdialog.<\/p>\n<p>Du har r\u00e4tt att se historiken \u00f6ver dina beslut, \u00e4ndra dina integritetsinst\u00e4llningar, inv\u00e4nda mot anv\u00e4ndningen av tj\u00e4nster och \u00e5terkalla ditt samtycke n\u00e4r som helst. Nedan hittar du m\u00f6jligheter att ut\u00f6va dina r\u00e4ttigheter:<\/p>\n<ul>\n<li><a  href=\"#consent-change\" role=\"button\" id=\"rcb-sc-link-change\" data-success-message=\"\" class=\"rcb-sc-link rcb-sc-link-change \">\u00c4ndra integritetsinst\u00e4llningar<\/a><\/li>\n<li><a  href=\"#consent-history\" role=\"button\" id=\"rcb-sc-link-history\" data-success-message=\"\" class=\"rcb-sc-link rcb-sc-link-history \">Historik f\u00f6r integritetsinst\u00e4llningar<\/a><\/li>\n<li><a  href=\"#consent-revoke\" role=\"button\" id=\"rcb-sc-link-revoke\" data-success-message=\"Du har \u00e5terkallat ditt samtycke f\u00f6r tj\u00e4nster med dess cookies och personuppgiftsbehandling. Sidan kommer nu att laddas om!\" class=\"rcb-sc-link rcb-sc-link-revoke \">\u00c5terkalla samtycken<\/a><\/li>\n<\/ul>\n<h2 id=\"manage-cookies\">Hur hanterar man cookies i en webbl\u00e4sare?<\/h2>\n<ul>\n<li><strong>S\u00e5 h\u00e4r tar du bort cookies i en webbl\u00e4sare:<\/strong> F\u00f6r att ta bort cookies fr\u00e5n din enhet kan du rensa surfdata i inst\u00e4llningarna i din webbl\u00e4sare. Denna \u00e5tg\u00e4rd tar bort alla cookies fr\u00e5n alla webbplatser du har bes\u00f6kt, inklusive eventuellt sparade inloggningsuppgifter och webbplatsinst\u00e4llningar. I vissa webbl\u00e4sare kan du radera enbart cookies och liknande data utan beh\u00f6va att radera hela webbhistoriken.<\/li>\n<li><strong>S\u00e5 h\u00e4r kontrollerar du cookies i en webbl\u00e4sare:<\/strong> F\u00f6r mer detaljerad kontroll \u00f6ver cookies som \u00e4r specifika f\u00f6r vissa webbplatser, navigera till integritetsinst\u00e4llningarna och cookie-inst\u00e4llningarna i den webbl\u00e4sare du anv\u00e4nder. H\u00e4r kan du justera inst\u00e4llningarna f\u00f6r enskilda webbplatsers anv\u00e4ndning av cookies.<\/li>\n<li><strong>Hur man blockerar cookies i en webbl\u00e4sare:<\/strong> Det g\u00e5r att konfigurera de flesta moderna webbl\u00e4sare i deras inst\u00e4llningar till att blockera alla cookies fr\u00e5n att placeras p\u00e5 din enhet. Men att blockera cookies kan leda till att vissa tj\u00e4nster och funktioner inte fungerar korrekt, t.ex. att logga in som anv\u00e4ndare. Du kan ocks\u00e5 anv\u00e4nda till\u00e4gg f\u00f6r m\u00e5nga webbl\u00e4sare som kan blockera placeringen av cookies p\u00e5 webbplatser.<\/li>\n<li><strong>S\u00e5 h\u00e4r hanterar du cookies p\u00e5 den h\u00e4r webbplatsen:<\/strong> F\u00f6r att skr\u00e4ddarsy dina preferenser avseende cookies p\u00e5 denna webbplats kan du n\u00e4r som helst \u00e4ndra dina preferenser genom att klicka p\u00e5 l\u00e4nken i avsnittet \"R\u00e4ttigheter f\u00f6r webbplatsbes\u00f6karen\".<\/li>\n<\/li>\n<\/ul>\n<p>Du kan hitta mer information om hantering av cookies p\u00e5 <a href=\"https:\/\/devowl.io\/rcb\/cookie-handling\/\" target=\"_blank\">devowl.io\/rcb\/cookie-handling\/<\/a>.<\/p>\n<\/p>\n<h2 id=\"types-of-cookies\">Vilka typer av cookies finns?<\/h2>\n<ul>\n<li><strong>N\u00f6dv\u00e4ndiga cookies<\/strong> \u00e4r oumb\u00e4rliga f\u00f6r en webbplats grundl\u00e4ggande funktioner och m\u00f6jligg\u00f6r funktioner som att spara inloggningsinformation eller \u00e5tkomst till s\u00e4kra omr\u00e5den p\u00e5 webbplatsen. Hit h\u00f6r t.ex. s\u00e4kerhetscookies, som kan identifiera en bot som inte \u00e4r \u00f6nskv\u00e4rd p\u00e5 webbplatsen genom att lagra en autentiseringsnyckel i en cookie.<\/li>\n<li><strong>Funktionella cookies<\/strong> f\u00f6rb\u00e4ttrar anv\u00e4ndarupplevelsen genom att lagra information och preferenser s\u00e5som spr\u00e5kinst\u00e4llningar eller inst\u00e4llningar f\u00f6r webbplatsens utseende f\u00f6r att ge en personlig upplevelse. Detta inkluderar exempelvis preferenscookies som lagrar anv\u00e4ndarens f\u00f6redragna videokvalitet p\u00e5 en webbplats.<\/li>\n<li><strong>Statistikcookies<\/strong> samlar in data om anv\u00e4ndningen av en webbplats f\u00f6r att f\u00e5 insikt i anv\u00e4ndarnas beteende och d\u00e4rigenom optimera webbplatsens prestanda. Detta inkluderar till exempel ett slumpm\u00e4ssigt tilldelat anv\u00e4ndar-ID som g\u00f6r det m\u00f6jligt att attribuera om du har bes\u00f6kt en undersida p\u00e5 webbplatsen.<\/li>\n<li><strong>Marknadsf\u00f6ringscookies<\/strong> anv\u00e4nds f\u00f6r att sp\u00e5ra anv\u00e4ndarnas beteende p\u00e5 olika webbplatser och f\u00f6r att visa personlig reklam baserat p\u00e5 anv\u00e4ndarnas intressen och surfbeteende. Detta inkluderar till exempel reklamcookies som lagrar en interaktion med en annons p\u00e5 webbplatsen och vidarebefordrar informationen till annons\u00f6rer eller ett chattsystem f\u00f6r fr\u00e5gor f\u00f6re f\u00f6rs\u00e4ljning och kundsupport.<\/li>\n<\/li>\n<\/ul>\n<p>Dessutom kan cookies ocks\u00e5 anv\u00e4ndas av tj\u00e4nster fr\u00e5n f\u00f6ljande grupper eller f\u00f6r f\u00f6ljande \u00e4ndam\u00e5l: Essential, Statistics<\/p>\n<\/p>\n<h2 id=\"cookies-origin\">Vem kan placera cookies p\u00e5 den h\u00e4r webbplatsen?<\/h2>\n<p>P\u00e5 denna webbplats kan b\u00e5de webbplatsens operat\u00f6r och tj\u00e4nster fr\u00e5n tredje part som anv\u00e4nds p\u00e5 denna webbplats placera cookies och f\u00e5 tillg\u00e5ng till deras inneh\u00e5ll. Vem som har tillg\u00e5ng till vilka cookies och deras inneh\u00e5ll skiljer sig mellan f\u00f6rstaparts- och tredjepartscookies. F\u00f6rstapartscookies skapas av den bes\u00f6kta webbplats och kan endast l\u00e4sas av webbplatsoperat\u00f6ren och integrerade tredjepartstj\u00e4nster p\u00e5 denna webbplats. Tredjepartscookies placeras vanligtvis av tredjepartstj\u00e4nster p\u00e5 andra dom\u00e4ner, kan l\u00e4sas p\u00e5 alla webbplatser d\u00e4r tj\u00e4nsten som styr dom\u00e4nen \u00e4r inb\u00e4ddad och anv\u00e4nds till exempel av annonsn\u00e4tverk f\u00f6r att sp\u00e5ra anv\u00e4ndarbeteende p\u00e5 olika webbplatser och erbjuda personlig annonsering.<\/p>\n<h2 id=\"list-of-services\">Vilka cookies anv\u00e4nds p\u00e5 den h\u00e4r webbplatsen?<\/h2>\n<p><script type=\"application\/json\">{\"search\":{\"placeholder\":\"S\\u00f6k...\"},\"sort\":{\"sortAsc\":\"Sortera kolumnen stigande\",\"sortDesc\":\"Sortera kolumnen fallande\"},\"pagination\":{\"previous\":\"F\\u00f6reg\\u00e5ende\",\"next\":\"N\\u00e4sta\",\"navigate\":\"Sida %1$d av %2$d\",\"page\":\"Sidan %d\",\"showing\":\"Visar\",\"of\":\"av\",\"to\":\"till\",\"results\":\"resultat\"},\"noRecordsFound\":\"Inga matchande poster hittades\"}<\/script><\/p>\n<table  class=\"devowl-wp-react-cookie-banner-cookie-policy\">\n<thead>\n<tr>\n<th width=\"200px\" scope=\"col\">Kategori<\/th>\n<th width=\"400px\" scope=\"col\">Namn p\u00e5 teknisk cookie<\/th>\n<th width=\"400px\" scope=\"col\">V\u00e4rd f\u00f6r teknisk cookie<\/th>\n<th width=\"400px\" scope=\"col\">Tj\u00e4nst<\/th>\n<th width=\"250px\" scope=\"col\">Varaktighet<\/th>\n<th width=\"200px\" scope=\"col\">Typ<\/th>\n<th width=\"550px\" scope=\"col\">Syfte<\/th>\n<\/tr>\n<\/thead>\n<tbody>\n<tr>\n<td>Essential<\/td>\n<td>real_cookie_banner*<\/td>\n<td>.frogblue.com<\/td>\n<td>Real Cookie Banner<\/td>\n<td>365 dagar<\/td>\n<td>HTTP Cookie<\/td>\n<td>Identificatore unico per il consenso, ma non per il visitatore del sito web. Hash di revisione per le impostazioni del banner dei cookie (testi, colori, caratteristiche, gruppi di servizi, servizi, blocco dei contenuti, ecc.) ID per i servizi e i gruppi di servizi acconsentiti.<\/td>\n<\/tr>\n<tr>\n<td>Essential<\/td>\n<td>real_cookie_banner*-tcf<\/td>\n<td>.frogblue.com<\/td>\n<td>Real Cookie Banner<\/td>\n<td>365 dagar<\/td>\n<td>HTTP Cookie<\/td>\n<td>Consensi raccolti nell'ambito del TCF memorizzati nel formato TC String, compresi i fornitori del TCF, gli scopi, gli scopi speciali, le caratteristiche e le caratteristiche speciali.<\/td>\n<\/tr>\n<tr>\n<td>Essential<\/td>\n<td>real_cookie_banner*-gcm<\/td>\n<td>.frogblue.com<\/td>\n<td>Real Cookie Banner<\/td>\n<td>365 dagar<\/td>\n<td>HTTP Cookie<\/td>\n<td>Consensi in tipi di consenso (finalit\u00e0) raccolti nell'ambito della Modalit\u00e0 di consenso di Google memorizzati per tutti i servizi compatibili con la Modalit\u00e0 di consenso di Google.<\/td>\n<\/tr>\n<tr>\n<td>Essential<\/td>\n<td>real_cookie_banner-test<\/td>\n<td>.frogblue.com<\/td>\n<td>Real Cookie Banner<\/td>\n<td>365 dagar<\/td>\n<td>HTTP Cookie<\/td>\n<td>Cookie impostato per testare la funzionalit\u00e0 dei cookie HTTP. Cancellato immediatamente dopo il test.<\/td>\n<\/tr>\n<tr>\n<td>Essential<\/td>\n<td>real_cookie_banner*<\/td>\n<td>https:\/\/www.frogblue.com<\/td>\n<td>Real Cookie Banner<\/td>\n<td>-<\/td>\n<td>Local Storage<\/td>\n<td>Identificatore unico per il consenso, ma non per il visitatore del sito web. Hash di revisione per le impostazioni del banner dei cookie (testi, colori, caratteristiche, gruppi di servizi, servizi, blocco dei contenuti, ecc.) ID per i servizi e i gruppi di servizi acconsentiti. Viene memorizzato solo fino a quando il consenso non viene documentato sul server del sito web.<\/td>\n<\/tr>\n<tr>\n<td>Essential<\/td>\n<td>real_cookie_banner*-tcf<\/td>\n<td>https:\/\/www.frogblue.com<\/td>\n<td>Real Cookie Banner<\/td>\n<td>-<\/td>\n<td>Local Storage<\/td>\n<td>I consensi raccolti nell'ambito del TCF vengono memorizzati nel formato TC String, compresi i fornitori del TCF, gli scopi, gli scopi speciali, le caratteristiche e le caratteristiche speciali. Viene memorizzato solo finch\u00e9 il consenso non viene documentato sul server del sito web.<\/td>\n<\/tr>\n<tr>\n<td>Essential<\/td>\n<td>real_cookie_banner*-gcm<\/td>\n<td>https:\/\/www.frogblue.com<\/td>\n<td>Real Cookie Banner<\/td>\n<td>-<\/td>\n<td>Local Storage<\/td>\n<td>I consensi raccolti in base alla Modalit\u00e0 di consenso di Google vengono memorizzati nei tipi di consenso (finalit\u00e0) per tutti i servizi compatibili con la Modalit\u00e0 di consenso di Google. Viene memorizzato solo finch\u00e9 il consenso non viene documentato sul server del sito web.<\/td>\n<\/tr>\n<tr>\n<td>Essential<\/td>\n<td>real_cookie_banner-consent-queue*<\/td>\n<td>https:\/\/www.frogblue.com<\/td>\n<td>Real Cookie Banner<\/td>\n<td>-<\/td>\n<td>Local Storage<\/td>\n<td>La cache locale della selezione nel banner dei cookie fino a quando il server documenta il consenso; la documentazione periodica o al cambio di pagina viene tentata se il server non \u00e8 disponibile o \u00e8 sovraccarico.<\/td>\n<\/tr>\n<tr>\n<td>Statistics<\/td>\n<td>_ga<\/td>\n<td>.frogblue.com<\/td>\n<td>Google Analytics<\/td>\n<td>2 \u00e5r<\/td>\n<td>HTTP Cookie<\/td>\n<td>-<\/td>\n<\/tr>\n<tr>\n<td>Statistics<\/td>\n<td>_gid<\/td>\n<td>.frogblue.com<\/td>\n<td>Google Analytics<\/td>\n<td>1 dag<\/td>\n<td>HTTP Cookie<\/td>\n<td>-<\/td>\n<\/tr>\n<tr>\n<td>Statistics<\/td>\n<td>_gat<\/td>\n<td>.frogblue.com<\/td>\n<td>Google Analytics<\/td>\n<td>1 \u00e5r<\/td>\n<td>HTTP Cookie<\/td>\n<td>-<\/td>\n<\/tr>\n<tr>\n<td>Statistics<\/td>\n<td>AMP_TOKEN<\/td>\n<td>.frogblue.com<\/td>\n<td>Google Analytics<\/td>\n<td>1 \u00e5r<\/td>\n<td>HTTP Cookie<\/td>\n<td>-<\/td>\n<\/tr>\n<tr>\n<td>Statistics<\/td>\n<td>_gac_*<\/td>\n<td>.frogblue.com<\/td>\n<td>Google Analytics<\/td>\n<td>90 dagar<\/td>\n<td>HTTP Cookie<\/td>\n<td>-<\/td>\n<\/tr>\n<tr>\n<td>Statistics<\/td>\n<td>_gat_gtag_*<\/td>\n<td>.frogblue.com<\/td>\n<td>Google Analytics<\/td>\n<td>1 minut<\/td>\n<td>HTTP Cookie<\/td>\n<td>-<\/td>\n<\/tr>\n<\/tbody>\n<\/table>\n<p>Cookiepolicyn uppdaterades senast den n\/a.<\/p>\n","protected":false},"excerpt":{"rendered":"","protected":false},"author":3,"featured_media":0,"parent":0,"menu_order":0,"comment_status":"closed","ping_status":"closed","template":"","meta":{"_acf_changed":false,"footnotes":""},"class_list":["post-45751","page","type-page","status-publish","hentry"],"acf":[],"yoast_head":"<!-- This site is optimized with the Yoast SEO plugin v27.5 - https:\/\/yoast.com\/product\/yoast-seo-wordpress\/ -->\n<title>Cookiepolicy | frogblue Smart Home Systems<\/title>\n<meta name=\"description\" content=\"Cookiepolicy - Revolutionerande enkelt, tr\u00e5dl\u00f6st och s\u00e4kert.\" \/>\n<meta name=\"robots\" content=\"index, follow, max-snippet:-1, max-image-preview:large, max-video-preview:-1\" \/>\n<link rel=\"canonical\" href=\"https:\/\/www.frogblue.com\/sv\/cookiepolicy\/\" \/>\n<meta property=\"og:locale\" content=\"sv_SE\" \/>\n<meta property=\"og:type\" content=\"article\" \/>\n<meta property=\"og:title\" content=\"Cookiepolicy | frogblue Smart Home Systems\" \/>\n<meta property=\"og:description\" content=\"Cookiepolicy - Revolutionerande enkelt, tr\u00e5dl\u00f6st och s\u00e4kert.\" \/>\n<meta property=\"og:url\" content=\"https:\/\/www.frogblue.com\/sv\/cookiepolicy\/\" \/>\n<meta property=\"og:site_name\" content=\"frogblue Smart Home Systems\" \/>\n<meta name=\"twitter:card\" content=\"summary_large_image\" \/>\n<script type=\"application\/ld+json\" class=\"yoast-schema-graph\">{\"@context\":\"https:\\\/\\\/schema.org\",\"@graph\":[{\"@type\":\"WebPage\",\"@id\":\"https:\\\/\\\/www.frogblue.com\\\/sv\\\/cookiepolicy\\\/\",\"url\":\"https:\\\/\\\/www.frogblue.com\\\/sv\\\/cookiepolicy\\\/\",\"name\":\"Cookiepolicy | frogblue Smart Home Systems\",\"isPartOf\":{\"@id\":\"https:\\\/\\\/www.frogblue.com\\\/sv\\\/#website\"},\"datePublished\":\"2025-06-04T14:48:27+00:00\",\"description\":\"Cookiepolicy - Revolutionerande enkelt, tr\u00e5dl\u00f6st och s\u00e4kert.\",\"breadcrumb\":{\"@id\":\"https:\\\/\\\/www.frogblue.com\\\/sv\\\/cookiepolicy\\\/#breadcrumb\"},\"inLanguage\":\"sv-SE\",\"potentialAction\":[{\"@type\":\"ReadAction\",\"target\":[\"https:\\\/\\\/www.frogblue.com\\\/sv\\\/cookiepolicy\\\/\"]}]},{\"@type\":\"BreadcrumbList\",\"@id\":\"https:\\\/\\\/www.frogblue.com\\\/sv\\\/cookiepolicy\\\/#breadcrumb\",\"itemListElement\":[{\"@type\":\"ListItem\",\"position\":1,\"name\":\"Startseite\",\"item\":\"https:\\\/\\\/www.frogblue.com\\\/sv\\\/\"},{\"@type\":\"ListItem\",\"position\":2,\"name\":\"Cookiepolicy\"}]},{\"@type\":\"WebSite\",\"@id\":\"https:\\\/\\\/www.frogblue.com\\\/sv\\\/#website\",\"url\":\"https:\\\/\\\/www.frogblue.com\\\/sv\\\/\",\"name\":\"frogblue Smart Home Systems\",\"description\":\"Smart Home &amp; Building Technology\",\"publisher\":{\"@id\":\"https:\\\/\\\/www.frogblue.com\\\/sv\\\/#organization\"},\"potentialAction\":[{\"@type\":\"SearchAction\",\"target\":{\"@type\":\"EntryPoint\",\"urlTemplate\":\"https:\\\/\\\/www.frogblue.com\\\/sv\\\/?s={search_term_string}\"},\"query-input\":{\"@type\":\"PropertyValueSpecification\",\"valueRequired\":true,\"valueName\":\"search_term_string\"}}],\"inLanguage\":\"sv-SE\"},{\"@type\":\"Organization\",\"@id\":\"https:\\\/\\\/www.frogblue.com\\\/sv\\\/#organization\",\"name\":\"Frogblue\",\"url\":\"https:\\\/\\\/www.frogblue.com\\\/sv\\\/\",\"logo\":{\"@type\":\"ImageObject\",\"inLanguage\":\"sv-SE\",\"@id\":\"https:\\\/\\\/www.frogblue.com\\\/sv\\\/#\\\/schema\\\/logo\\\/image\\\/\",\"url\":\"https:\\\/\\\/www.frogblue.com\\\/wp-content\\\/uploads\\\/2021\\\/04\\\/frogblue.jpg\",\"contentUrl\":\"https:\\\/\\\/www.frogblue.com\\\/wp-content\\\/uploads\\\/2021\\\/04\\\/frogblue.jpg\",\"width\":225,\"height\":225,\"caption\":\"Frogblue\"},\"image\":{\"@id\":\"https:\\\/\\\/www.frogblue.com\\\/sv\\\/#\\\/schema\\\/logo\\\/image\\\/\"}}]}<\/script>\n<!-- \/ Yoast SEO plugin. -->","yoast_head_json":{"title":"Cookiepolicy | frogblue Smart Home Systems","description":"Cookiepolicy - Revolutionerande enkelt, tr\u00e5dl\u00f6st och s\u00e4kert.","robots":{"index":"index","follow":"follow","max-snippet":"max-snippet:-1","max-image-preview":"max-image-preview:large","max-video-preview":"max-video-preview:-1"},"canonical":"https:\/\/www.frogblue.com\/sv\/cookiepolicy\/","og_locale":"sv_SE","og_type":"article","og_title":"Cookiepolicy | frogblue Smart Home Systems","og_description":"Cookiepolicy - Revolutionerande enkelt, tr\u00e5dl\u00f6st och s\u00e4kert.","og_url":"https:\/\/www.frogblue.com\/sv\/cookiepolicy\/","og_site_name":"frogblue Smart Home Systems","twitter_card":"summary_large_image","schema":{"@context":"https:\/\/schema.org","@graph":[{"@type":"WebPage","@id":"https:\/\/www.frogblue.com\/sv\/cookiepolicy\/","url":"https:\/\/www.frogblue.com\/sv\/cookiepolicy\/","name":"Cookiepolicy | frogblue Smart Home Systems","isPartOf":{"@id":"https:\/\/www.frogblue.com\/sv\/#website"},"datePublished":"2025-06-04T14:48:27+00:00","description":"Cookiepolicy - Revolutionerande enkelt, tr\u00e5dl\u00f6st och s\u00e4kert.","breadcrumb":{"@id":"https:\/\/www.frogblue.com\/sv\/cookiepolicy\/#breadcrumb"},"inLanguage":"sv-SE","potentialAction":[{"@type":"ReadAction","target":["https:\/\/www.frogblue.com\/sv\/cookiepolicy\/"]}]},{"@type":"BreadcrumbList","@id":"https:\/\/www.frogblue.com\/sv\/cookiepolicy\/#breadcrumb","itemListElement":[{"@type":"ListItem","position":1,"name":"Startseite","item":"https:\/\/www.frogblue.com\/sv\/"},{"@type":"ListItem","position":2,"name":"Cookiepolicy"}]},{"@type":"WebSite","@id":"https:\/\/www.frogblue.com\/sv\/#website","url":"https:\/\/www.frogblue.com\/sv\/","name":"frogblue Smart Home Systems","description":"Smart Home &amp; Building Technology","publisher":{"@id":"https:\/\/www.frogblue.com\/sv\/#organization"},"potentialAction":[{"@type":"SearchAction","target":{"@type":"EntryPoint","urlTemplate":"https:\/\/www.frogblue.com\/sv\/?s={search_term_string}"},"query-input":{"@type":"PropertyValueSpecification","valueRequired":true,"valueName":"search_term_string"}}],"inLanguage":"sv-SE"},{"@type":"Organization","@id":"https:\/\/www.frogblue.com\/sv\/#organization","name":"Frogblue","url":"https:\/\/www.frogblue.com\/sv\/","logo":{"@type":"ImageObject","inLanguage":"sv-SE","@id":"https:\/\/www.frogblue.com\/sv\/#\/schema\/logo\/image\/","url":"https:\/\/www.frogblue.com\/wp-content\/uploads\/2021\/04\/frogblue.jpg","contentUrl":"https:\/\/www.frogblue.com\/wp-content\/uploads\/2021\/04\/frogblue.jpg","width":225,"height":225,"caption":"Frogblue"},"image":{"@id":"https:\/\/www.frogblue.com\/sv\/#\/schema\/logo\/image\/"}}]}},"_links":{"self":[{"href":"https:\/\/www.frogblue.com\/sv\/wp-json\/wp\/v2\/pages\/45751","targetHints":{"allow":["GET"]}}],"collection":[{"href":"https:\/\/www.frogblue.com\/sv\/wp-json\/wp\/v2\/pages"}],"about":[{"href":"https:\/\/www.frogblue.com\/sv\/wp-json\/wp\/v2\/types\/page"}],"author":[{"embeddable":true,"href":"https:\/\/www.frogblue.com\/sv\/wp-json\/wp\/v2\/users\/3"}],"replies":[{"embeddable":true,"href":"https:\/\/www.frogblue.com\/sv\/wp-json\/wp\/v2\/comments?post=45751"}],"version-history":[{"count":0,"href":"https:\/\/www.frogblue.com\/sv\/wp-json\/wp\/v2\/pages\/45751\/revisions"}],"wp:attachment":[{"href":"https:\/\/www.frogblue.com\/sv\/wp-json\/wp\/v2\/media?parent=45751"}],"curies":[{"name":"wp","href":"https:\/\/api.w.org\/{rel}","templated":true}]}}