{"id":34859,"date":"2023-02-07T11:12:12","date_gmt":"2023-02-07T10:12:12","guid":{"rendered":"https:\/\/www.frogblue.com\/home-2\/"},"modified":"2025-01-24T14:23:14","modified_gmt":"2025-01-24T13:23:14","slug":"","status":"publish","type":"page","link":"https:\/\/www.frogblue.com\/sv\/","title":{"rendered":"Home 2"},"content":{"rendered":"","protected":false},"excerpt":{"rendered":"","protected":false},"author":1,"featured_media":0,"parent":0,"menu_order":0,"comment_status":"closed","ping_status":"closed","template":"page-custom.php","meta":{"_acf_changed":false,"footnotes":""},"class_list":["post-34859","page","type-page","status-publish","hentry"],"acf":[],"yoast_head":"<!-- This site is optimized with the Yoast SEO plugin v27.3 - https:\/\/yoast.com\/product\/yoast-seo-wordpress\/ -->\n<title>Smarta Byggnader | frogblue<\/title>\n<meta name=\"description\" content=\"Revolutionerande enkelt, tr\u00e5dl\u00f6st och s\u00e4kert. Flexibelt - made in Germany\" \/>\n<meta name=\"robots\" content=\"index, follow, max-snippet:-1, max-image-preview:large, max-video-preview:-1\" \/>\n<link rel=\"canonical\" href=\"https:\/\/www.frogblue.com\/sv\/\" \/>\n<meta property=\"og:locale\" content=\"sv_SE\" \/>\n<meta property=\"og:type\" content=\"article\" \/>\n<meta property=\"og:title\" content=\"Smarta Byggnader | frogblue\" \/>\n<meta property=\"og:description\" content=\"Revolutionerande enkelt, tr\u00e5dl\u00f6st och s\u00e4kert. Flexibelt - made in Germany\" \/>\n<meta property=\"og:url\" content=\"https:\/\/www.frogblue.com\/sv\/\" \/>\n<meta property=\"og:site_name\" content=\"frogblue Smart Home Systems\" \/>\n<meta property=\"article:modified_time\" content=\"2025-01-24T13:23:14+00:00\" \/>\n<meta name=\"twitter:card\" content=\"summary_large_image\" \/>\n<script type=\"application\/ld+json\" class=\"yoast-schema-graph\">{\"@context\":\"https:\\\/\\\/schema.org\",\"@graph\":[{\"@type\":\"WebPage\",\"@id\":\"https:\\\/\\\/www.frogblue.com\\\/sv\\\/\",\"url\":\"https:\\\/\\\/www.frogblue.com\\\/sv\\\/\",\"name\":\"Smarta Byggnader | frogblue\",\"isPartOf\":{\"@id\":\"https:\\\/\\\/www.frogblue.com\\\/sv\\\/#website\"},\"datePublished\":\"2023-02-07T10:12:12+00:00\",\"dateModified\":\"2025-01-24T13:23:14+00:00\",\"description\":\"Revolutionerande enkelt, tr\u00e5dl\u00f6st och s\u00e4kert. Flexibelt - made in Germany\",\"breadcrumb\":{\"@id\":\"https:\\\/\\\/www.frogblue.com\\\/sv\\\/#breadcrumb\"},\"inLanguage\":\"sv-SE\",\"potentialAction\":[{\"@type\":\"ReadAction\",\"target\":[\"https:\\\/\\\/www.frogblue.com\\\/sv\\\/\"]}]},{\"@type\":\"BreadcrumbList\",\"@id\":\"https:\\\/\\\/www.frogblue.com\\\/sv\\\/#breadcrumb\",\"itemListElement\":[{\"@type\":\"ListItem\",\"position\":1,\"name\":\"Startseite\",\"item\":\"https:\\\/\\\/www.frogblue.com\\\/sv\\\/\"},{\"@type\":\"ListItem\",\"position\":2,\"name\":\"Home 2\"}]},{\"@type\":\"WebSite\",\"@id\":\"https:\\\/\\\/www.frogblue.com\\\/sv\\\/#website\",\"url\":\"https:\\\/\\\/www.frogblue.com\\\/sv\\\/\",\"name\":\"frogblue Smart Home Systems\",\"description\":\"Smart Home &amp; Building Technology\",\"publisher\":{\"@id\":\"https:\\\/\\\/www.frogblue.com\\\/sv\\\/#organization\"},\"potentialAction\":[{\"@type\":\"SearchAction\",\"target\":{\"@type\":\"EntryPoint\",\"urlTemplate\":\"https:\\\/\\\/www.frogblue.com\\\/sv\\\/?s={search_term_string}\"},\"query-input\":{\"@type\":\"PropertyValueSpecification\",\"valueRequired\":true,\"valueName\":\"search_term_string\"}}],\"inLanguage\":\"sv-SE\"},{\"@type\":\"Organization\",\"@id\":\"https:\\\/\\\/www.frogblue.com\\\/sv\\\/#organization\",\"name\":\"Frogblue\",\"url\":\"https:\\\/\\\/www.frogblue.com\\\/sv\\\/\",\"logo\":{\"@type\":\"ImageObject\",\"inLanguage\":\"sv-SE\",\"@id\":\"https:\\\/\\\/www.frogblue.com\\\/sv\\\/#\\\/schema\\\/logo\\\/image\\\/\",\"url\":\"https:\\\/\\\/www.frogblue.com\\\/wp-content\\\/uploads\\\/2021\\\/04\\\/frogblue.jpg\",\"contentUrl\":\"https:\\\/\\\/www.frogblue.com\\\/wp-content\\\/uploads\\\/2021\\\/04\\\/frogblue.jpg\",\"width\":225,\"height\":225,\"caption\":\"Frogblue\"},\"image\":{\"@id\":\"https:\\\/\\\/www.frogblue.com\\\/sv\\\/#\\\/schema\\\/logo\\\/image\\\/\"}}]}<\/script>\n<!-- \/ Yoast SEO plugin. -->","yoast_head_json":{"title":"Smarta Byggnader | frogblue","description":"Revolutionerande enkelt, tr\u00e5dl\u00f6st och s\u00e4kert. Flexibelt - made in Germany","robots":{"index":"index","follow":"follow","max-snippet":"max-snippet:-1","max-image-preview":"max-image-preview:large","max-video-preview":"max-video-preview:-1"},"canonical":"https:\/\/www.frogblue.com\/sv\/","og_locale":"sv_SE","og_type":"article","og_title":"Smarta Byggnader | frogblue","og_description":"Revolutionerande enkelt, tr\u00e5dl\u00f6st och s\u00e4kert. Flexibelt - made in Germany","og_url":"https:\/\/www.frogblue.com\/sv\/","og_site_name":"frogblue Smart Home Systems","article_modified_time":"2025-01-24T13:23:14+00:00","twitter_card":"summary_large_image","schema":{"@context":"https:\/\/schema.org","@graph":[{"@type":"WebPage","@id":"https:\/\/www.frogblue.com\/sv\/","url":"https:\/\/www.frogblue.com\/sv\/","name":"Smarta Byggnader | frogblue","isPartOf":{"@id":"https:\/\/www.frogblue.com\/sv\/#website"},"datePublished":"2023-02-07T10:12:12+00:00","dateModified":"2025-01-24T13:23:14+00:00","description":"Revolutionerande enkelt, tr\u00e5dl\u00f6st och s\u00e4kert. Flexibelt - made in Germany","breadcrumb":{"@id":"https:\/\/www.frogblue.com\/sv\/#breadcrumb"},"inLanguage":"sv-SE","potentialAction":[{"@type":"ReadAction","target":["https:\/\/www.frogblue.com\/sv\/"]}]},{"@type":"BreadcrumbList","@id":"https:\/\/www.frogblue.com\/sv\/#breadcrumb","itemListElement":[{"@type":"ListItem","position":1,"name":"Startseite","item":"https:\/\/www.frogblue.com\/sv\/"},{"@type":"ListItem","position":2,"name":"Home 2"}]},{"@type":"WebSite","@id":"https:\/\/www.frogblue.com\/sv\/#website","url":"https:\/\/www.frogblue.com\/sv\/","name":"frogblue Smart Home Systems","description":"Smart Home &amp; Building Technology","publisher":{"@id":"https:\/\/www.frogblue.com\/sv\/#organization"},"potentialAction":[{"@type":"SearchAction","target":{"@type":"EntryPoint","urlTemplate":"https:\/\/www.frogblue.com\/sv\/?s={search_term_string}"},"query-input":{"@type":"PropertyValueSpecification","valueRequired":true,"valueName":"search_term_string"}}],"inLanguage":"sv-SE"},{"@type":"Organization","@id":"https:\/\/www.frogblue.com\/sv\/#organization","name":"Frogblue","url":"https:\/\/www.frogblue.com\/sv\/","logo":{"@type":"ImageObject","inLanguage":"sv-SE","@id":"https:\/\/www.frogblue.com\/sv\/#\/schema\/logo\/image\/","url":"https:\/\/www.frogblue.com\/wp-content\/uploads\/2021\/04\/frogblue.jpg","contentUrl":"https:\/\/www.frogblue.com\/wp-content\/uploads\/2021\/04\/frogblue.jpg","width":225,"height":225,"caption":"Frogblue"},"image":{"@id":"https:\/\/www.frogblue.com\/sv\/#\/schema\/logo\/image\/"}}]}},"_links":{"self":[{"href":"https:\/\/www.frogblue.com\/sv\/wp-json\/wp\/v2\/pages\/34859","targetHints":{"allow":["GET"]}}],"collection":[{"href":"https:\/\/www.frogblue.com\/sv\/wp-json\/wp\/v2\/pages"}],"about":[{"href":"https:\/\/www.frogblue.com\/sv\/wp-json\/wp\/v2\/types\/page"}],"author":[{"embeddable":true,"href":"https:\/\/www.frogblue.com\/sv\/wp-json\/wp\/v2\/users\/1"}],"replies":[{"embeddable":true,"href":"https:\/\/www.frogblue.com\/sv\/wp-json\/wp\/v2\/comments?post=34859"}],"version-history":[{"count":0,"href":"https:\/\/www.frogblue.com\/sv\/wp-json\/wp\/v2\/pages\/34859\/revisions"}],"wp:attachment":[{"href":"https:\/\/www.frogblue.com\/sv\/wp-json\/wp\/v2\/media?parent=34859"}],"curies":[{"name":"wp","href":"https:\/\/api.w.org\/{rel}","templated":true}]}}