{"id":13329,"date":"2021-02-03T22:23:11","date_gmt":"2021-02-03T21:23:11","guid":{"rendered":"https:\/\/www.frogblue.com\/wp-test\/?page_id=13329"},"modified":"2021-07-26T15:27:32","modified_gmt":"2021-07-26T13:27:32","slug":"terms-conditions","status":"publish","type":"page","link":"https:\/\/www.frogblue.com\/sv\/terms-conditions\/","title":{"rendered":"Terms &#038; Conditions"},"content":{"rendered":"<section class=\"cols-2 whitebox\">\n<div class=\"grid\">\n<div class=\"item \">\n<ul class=\"ce-uploads\">\n<li class=\"item w-100 removebr\">\n<div class=\"ce-uploads-img-box xbox\">\n\t<a href=\"https:\/\/www.frogblue.com\/sv\/download\/frogblue-agbs-b2b\/\" target=\"_blank\"><img loading=\"lazy\" decoding=\"async\" width=\"500\" height=\"350\" src=\"https:\/\/www.frogblue.com\/wp-content\/uploads\/2021\/04\/csm_frogblueAG_AGBs_B2B_DE_EN_20210401_80ec86a3e9.png\" class=\"attachment-full size-full wp-post-image\" alt=\"\" \/><\/a>\n<\/div>\n<div class=\"ce-uploads-txt-box\">\n\t<span class=\"ce-uploads-fileName d-block\"><br \/>\n\t\tfrogblue AGBs B2B\t\t\t<\/span><\/p>\n<p>\t<span class=\"date d-inline-block\"><br \/>\n\t\t\t\t\t2 MB\t\t\t<\/span><\/p>\n<p>\t<a class=\"download-link\" href=\"https:\/\/www.frogblue.com\/sv\/download\/frogblue-agbs-b2b\/\" download><br \/>\n\t\tDownload\t<\/a>\n<\/div>\n<\/li>\n<\/ul>\n<\/div>\n<div class=\"item \">\n<ul class=\"ce-uploads\">\n<li class=\"item w-100 removebr\">\n<div class=\"ce-uploads-img-box xbox\">\n\t<a href=\"https:\/\/www.frogblue.com\/sv\/download\/frogblue-agbs-b2c\/\" target=\"_blank\"><img loading=\"lazy\" decoding=\"async\" width=\"500\" height=\"350\" src=\"https:\/\/www.frogblue.com\/wp-content\/uploads\/2021\/04\/csm_frogblue_AGBs_B2C_DE_EN_20210401_cc8c771f29.png\" class=\"attachment-full size-full wp-post-image\" alt=\"\" \/><\/a>\n<\/div>\n<div class=\"ce-uploads-txt-box\">\n\t<span class=\"ce-uploads-fileName d-block\"><br \/>\n\t\tfrogblue AGBs B2C\t\t\t<\/span><\/p>\n<p>\t<span class=\"date d-inline-block\"><br \/>\n\t\t\t\t\t1 MB\t\t\t<\/span><\/p>\n<p>\t<a class=\"download-link\" href=\"https:\/\/www.frogblue.com\/sv\/download\/frogblue-agbs-b2c\/\" download><br \/>\n\t\tDownload\t<\/a>\n<\/div>\n<\/li>\n<\/ul>\n<\/div>\n<\/div>\n<\/section>\n","protected":false},"excerpt":{"rendered":"","protected":false},"author":1,"featured_media":0,"parent":0,"menu_order":164,"comment_status":"closed","ping_status":"closed","template":"page-terms.php","meta":{"_acf_changed":false,"footnotes":""},"class_list":["post-13329","page","type-page","status-publish","hentry"],"acf":[],"yoast_head":"<!-- This site is optimized with the Yoast SEO plugin v27.3 - https:\/\/yoast.com\/product\/yoast-seo-wordpress\/ -->\n<title>Terms &amp; Conditions | frogblue Smart Home Systems<\/title>\n<meta name=\"description\" content=\"Terms &amp; Conditions - Revolutionerande enkelt, tr\u00e5dl\u00f6st och s\u00e4kert.\" \/>\n<meta name=\"robots\" content=\"index, follow, max-snippet:-1, max-image-preview:large, max-video-preview:-1\" \/>\n<link rel=\"canonical\" href=\"https:\/\/www.frogblue.com\/sv\/terms-conditions\/\" \/>\n<meta property=\"og:locale\" content=\"sv_SE\" \/>\n<meta property=\"og:type\" content=\"article\" \/>\n<meta property=\"og:title\" content=\"Terms &amp; Conditions | frogblue Smart Home Systems\" \/>\n<meta property=\"og:description\" content=\"Terms &amp; Conditions - Revolutionerande enkelt, tr\u00e5dl\u00f6st och s\u00e4kert.\" \/>\n<meta property=\"og:url\" content=\"https:\/\/www.frogblue.com\/sv\/terms-conditions\/\" \/>\n<meta property=\"og:site_name\" content=\"frogblue Smart Home Systems\" \/>\n<meta property=\"article:modified_time\" content=\"2021-07-26T13:27:32+00:00\" \/>\n<meta name=\"twitter:card\" content=\"summary_large_image\" \/>\n<script type=\"application\/ld+json\" class=\"yoast-schema-graph\">{\"@context\":\"https:\\\/\\\/schema.org\",\"@graph\":[{\"@type\":\"WebPage\",\"@id\":\"https:\\\/\\\/www.frogblue.com\\\/sv\\\/terms-conditions\\\/\",\"url\":\"https:\\\/\\\/www.frogblue.com\\\/sv\\\/terms-conditions\\\/\",\"name\":\"Terms & Conditions | frogblue Smart Home Systems\",\"isPartOf\":{\"@id\":\"https:\\\/\\\/www.frogblue.com\\\/sv\\\/#website\"},\"datePublished\":\"2021-02-03T21:23:11+00:00\",\"dateModified\":\"2021-07-26T13:27:32+00:00\",\"description\":\"Terms & Conditions - Revolutionerande enkelt, tr\u00e5dl\u00f6st och s\u00e4kert.\",\"breadcrumb\":{\"@id\":\"https:\\\/\\\/www.frogblue.com\\\/sv\\\/terms-conditions\\\/#breadcrumb\"},\"inLanguage\":\"sv-SE\",\"potentialAction\":[{\"@type\":\"ReadAction\",\"target\":[\"https:\\\/\\\/www.frogblue.com\\\/sv\\\/terms-conditions\\\/\"]}]},{\"@type\":\"BreadcrumbList\",\"@id\":\"https:\\\/\\\/www.frogblue.com\\\/sv\\\/terms-conditions\\\/#breadcrumb\",\"itemListElement\":[{\"@type\":\"ListItem\",\"position\":1,\"name\":\"Startseite\",\"item\":\"https:\\\/\\\/www.frogblue.com\\\/sv\\\/\"},{\"@type\":\"ListItem\",\"position\":2,\"name\":\"Terms &#038; Conditions\"}]},{\"@type\":\"WebSite\",\"@id\":\"https:\\\/\\\/www.frogblue.com\\\/sv\\\/#website\",\"url\":\"https:\\\/\\\/www.frogblue.com\\\/sv\\\/\",\"name\":\"frogblue Smart Home Systems\",\"description\":\"Smart Home &amp; Building Technology\",\"publisher\":{\"@id\":\"https:\\\/\\\/www.frogblue.com\\\/sv\\\/#organization\"},\"potentialAction\":[{\"@type\":\"SearchAction\",\"target\":{\"@type\":\"EntryPoint\",\"urlTemplate\":\"https:\\\/\\\/www.frogblue.com\\\/sv\\\/?s={search_term_string}\"},\"query-input\":{\"@type\":\"PropertyValueSpecification\",\"valueRequired\":true,\"valueName\":\"search_term_string\"}}],\"inLanguage\":\"sv-SE\"},{\"@type\":\"Organization\",\"@id\":\"https:\\\/\\\/www.frogblue.com\\\/sv\\\/#organization\",\"name\":\"Frogblue\",\"url\":\"https:\\\/\\\/www.frogblue.com\\\/sv\\\/\",\"logo\":{\"@type\":\"ImageObject\",\"inLanguage\":\"sv-SE\",\"@id\":\"https:\\\/\\\/www.frogblue.com\\\/sv\\\/#\\\/schema\\\/logo\\\/image\\\/\",\"url\":\"https:\\\/\\\/www.frogblue.com\\\/wp-content\\\/uploads\\\/2021\\\/04\\\/frogblue.jpg\",\"contentUrl\":\"https:\\\/\\\/www.frogblue.com\\\/wp-content\\\/uploads\\\/2021\\\/04\\\/frogblue.jpg\",\"width\":225,\"height\":225,\"caption\":\"Frogblue\"},\"image\":{\"@id\":\"https:\\\/\\\/www.frogblue.com\\\/sv\\\/#\\\/schema\\\/logo\\\/image\\\/\"}}]}<\/script>\n<!-- \/ Yoast SEO plugin. -->","yoast_head_json":{"title":"Terms & Conditions | frogblue Smart Home Systems","description":"Terms & Conditions - Revolutionerande enkelt, tr\u00e5dl\u00f6st och s\u00e4kert.","robots":{"index":"index","follow":"follow","max-snippet":"max-snippet:-1","max-image-preview":"max-image-preview:large","max-video-preview":"max-video-preview:-1"},"canonical":"https:\/\/www.frogblue.com\/sv\/terms-conditions\/","og_locale":"sv_SE","og_type":"article","og_title":"Terms & Conditions | frogblue Smart Home Systems","og_description":"Terms & Conditions - Revolutionerande enkelt, tr\u00e5dl\u00f6st och s\u00e4kert.","og_url":"https:\/\/www.frogblue.com\/sv\/terms-conditions\/","og_site_name":"frogblue Smart Home Systems","article_modified_time":"2021-07-26T13:27:32+00:00","twitter_card":"summary_large_image","schema":{"@context":"https:\/\/schema.org","@graph":[{"@type":"WebPage","@id":"https:\/\/www.frogblue.com\/sv\/terms-conditions\/","url":"https:\/\/www.frogblue.com\/sv\/terms-conditions\/","name":"Terms & Conditions | frogblue Smart Home Systems","isPartOf":{"@id":"https:\/\/www.frogblue.com\/sv\/#website"},"datePublished":"2021-02-03T21:23:11+00:00","dateModified":"2021-07-26T13:27:32+00:00","description":"Terms & Conditions - Revolutionerande enkelt, tr\u00e5dl\u00f6st och s\u00e4kert.","breadcrumb":{"@id":"https:\/\/www.frogblue.com\/sv\/terms-conditions\/#breadcrumb"},"inLanguage":"sv-SE","potentialAction":[{"@type":"ReadAction","target":["https:\/\/www.frogblue.com\/sv\/terms-conditions\/"]}]},{"@type":"BreadcrumbList","@id":"https:\/\/www.frogblue.com\/sv\/terms-conditions\/#breadcrumb","itemListElement":[{"@type":"ListItem","position":1,"name":"Startseite","item":"https:\/\/www.frogblue.com\/sv\/"},{"@type":"ListItem","position":2,"name":"Terms &#038; Conditions"}]},{"@type":"WebSite","@id":"https:\/\/www.frogblue.com\/sv\/#website","url":"https:\/\/www.frogblue.com\/sv\/","name":"frogblue Smart Home Systems","description":"Smart Home &amp; Building Technology","publisher":{"@id":"https:\/\/www.frogblue.com\/sv\/#organization"},"potentialAction":[{"@type":"SearchAction","target":{"@type":"EntryPoint","urlTemplate":"https:\/\/www.frogblue.com\/sv\/?s={search_term_string}"},"query-input":{"@type":"PropertyValueSpecification","valueRequired":true,"valueName":"search_term_string"}}],"inLanguage":"sv-SE"},{"@type":"Organization","@id":"https:\/\/www.frogblue.com\/sv\/#organization","name":"Frogblue","url":"https:\/\/www.frogblue.com\/sv\/","logo":{"@type":"ImageObject","inLanguage":"sv-SE","@id":"https:\/\/www.frogblue.com\/sv\/#\/schema\/logo\/image\/","url":"https:\/\/www.frogblue.com\/wp-content\/uploads\/2021\/04\/frogblue.jpg","contentUrl":"https:\/\/www.frogblue.com\/wp-content\/uploads\/2021\/04\/frogblue.jpg","width":225,"height":225,"caption":"Frogblue"},"image":{"@id":"https:\/\/www.frogblue.com\/sv\/#\/schema\/logo\/image\/"}}]}},"_links":{"self":[{"href":"https:\/\/www.frogblue.com\/sv\/wp-json\/wp\/v2\/pages\/13329","targetHints":{"allow":["GET"]}}],"collection":[{"href":"https:\/\/www.frogblue.com\/sv\/wp-json\/wp\/v2\/pages"}],"about":[{"href":"https:\/\/www.frogblue.com\/sv\/wp-json\/wp\/v2\/types\/page"}],"author":[{"embeddable":true,"href":"https:\/\/www.frogblue.com\/sv\/wp-json\/wp\/v2\/users\/1"}],"replies":[{"embeddable":true,"href":"https:\/\/www.frogblue.com\/sv\/wp-json\/wp\/v2\/comments?post=13329"}],"version-history":[{"count":0,"href":"https:\/\/www.frogblue.com\/sv\/wp-json\/wp\/v2\/pages\/13329\/revisions"}],"wp:attachment":[{"href":"https:\/\/www.frogblue.com\/sv\/wp-json\/wp\/v2\/media?parent=13329"}],"curies":[{"name":"wp","href":"https:\/\/api.w.org\/{rel}","templated":true}]}}