{"id":22486,"date":"2021-07-22T21:21:05","date_gmt":"2021-07-22T19:21:05","guid":{"rendered":"https:\/\/www.frogblue.com\/wp-test\/cookie-policy-eu\/"},"modified":"2025-06-04T16:52:37","modified_gmt":"2025-06-04T14:52:37","slug":"cookie-policy-eu","status":"publish","type":"page","link":"https:\/\/www.frogblue.com\/fr\/cookie-policy-eu\/","title":{"rendered":"Cookie Policy (EU)"},"content":{"rendered":"<p>Avec cette politique en mati\u00e8re de cookies, nous souhaitons expliquer ce que sont les cookies et les technologies similaires aux cookies, comment nous et d'autres fournisseurs de services les utilisons sur ce site web, quelles informations ils collectent, pendant combien de temps et \u00e0 quelles fins nous les utilisons.<\/p>\n<h2>Table des mati\u00e8res<\/h2>\n<ul>\n<li><a href=\"#diff-to-privacy-policy\">Ajout \u00e0 la politique de confidentialit\u00e9<\/a><\/li>\n<li><a href=\"#cookie-technology\">Que sont les cookies et les technologies similaires ?<\/a><\/li>\n<li><a href=\"#legal-basis\">Quelle est la base juridique permettant d'installer\/de lire des cookies ?<\/a><\/li>\n<li><a href=\"#rights-of-visitor\">Quels sont les droits de l'utilisateur du site web ?<\/a><\/li>\n<li><a href=\"#manage-cookies\">Comment g\u00e9rer les cookies dans un navigateur ?<\/a><\/li>\n<li><a href=\"#types-of-cookies\">Quels sont les types de cookies existants ?<\/a><\/li>\n<li><a href=\"#cookies-origin\">Qui peut installer des cookies sur ce site web ?<\/a><\/li>\n<li><a href=\"#list-of-services\">Quels sont les cookies utilis\u00e9s sur ce site ?<\/a><\/li>\n<\/ul>\n<h2 id=\"diff-to-privacy-policy\">Ajout \u00e0 la politique de confidentialit\u00e9<\/h2>\n<p>La pr\u00e9sente politique en mati\u00e8re de cookies compl\u00e8te la politique de confidentialit\u00e9 de ce site web <a href=\"https:\/\/www.frogblue.com\/fr\/data-protection\/\" target=\"_blank\"><\/a>. La politique en mati\u00e8re de cookies pr\u00e9cise la mani\u00e8re dont un site web utilise les cookies et les donn\u00e9es qu'il collecte par ce biais, tandis que la politique de confidentialit\u00e9 est une vue d'ensemble plus compl\u00e8te de toutes les activit\u00e9s de traitement des donn\u00e9es sur le site web et au-del\u00e0.<\/p>\n<h2 id=\"cookie-technology\">Que sont les cookies et les technologies similaires ?<\/h2>\n<p>Les cookies sont de petits \u00e9l\u00e9ments d'information semblables \u00e0 des fichiers texte qui peuvent \u00eatre stock\u00e9s et lus sur l'appareil final. Ils ont diverses finalit\u00e9s, notamment le maintien des fonctionnalit\u00e9s de base du site web, la s\u00e9curit\u00e9 et la protection de la vie priv\u00e9e, la fourniture de fonctions optionnelles du site web, la collecte de donn\u00e9es statistiques sur les flux de visiteurs et la fourniture de syst\u00e8mes de marketing. Des exemples pratiques de ce qui peut \u00eatre stock\u00e9 dans les cookies sont le stockage du statut de connexion dans les comptes d'utilisateur, le contenu des paniers d'achat dans les plateformes de commerce \u00e9lectronique, ou un identifiant d'utilisateur pour suivre le comportement sur le site web.<\/p>\n<p>Techniquement, les informations peuvent \u00eatre stock\u00e9es de diff\u00e9rentes mani\u00e8res. Les exemples les plus connus sont les cookies HTTP et les technologies similaires aux cookies, comme le stockage local, le stockage de session ou IndexedDB. Chaque type de stockage poss\u00e8de des propri\u00e9t\u00e9s diff\u00e9rentes, qui d\u00e9terminent le traitement technique, l'accessibilit\u00e9 et les contr\u00f4leurs autoris\u00e9s \u00e0 acc\u00e9der \u00e0 l'information. Tous ces types de stockage sont g\u00e9n\u00e9ralement r\u00e9sum\u00e9s sous le terme de \"cookies\" et sont donc d\u00e9sign\u00e9s comme tels dans la pr\u00e9sente politique en mati\u00e8re de cookies.<\/p>\n<h2 id=\"legal-basis\">Quelle est la base juridique permettant d'installer\/de lire des cookies ?<\/h2>\n<p>La mise en place et la lecture de cookies dans l'Union europ\u00e9enne (UE) et l'Espace \u00e9conomique europ\u00e9en (EEE) ne sont autoris\u00e9es, conform\u00e9ment \u00e0 Article 82 de la loi informatique et libert\u00e9s (France) et Article 129 de la loi relative aux communications \u00e9lectroniques (Belgique), que si l'utilisateur a donn\u00e9 son consentement sur la base d'informations compl\u00e8tes concernant les finalit\u00e9s du traitement. L'op\u00e9rateur du site web peut \u00e9galement installer des cookies s'ils sont strictement n\u00e9cessaires pour vous fournir, en tant qu'utilisateur, le service express\u00e9ment demand\u00e9, par exemple le contenu de base de ce site web ou d'autres cookies strictement n\u00e9cessaires pour la fonctionnalit\u00e9 de base du site web, qui vous seront pr\u00e9sent\u00e9s sans votre consentement.<\/p>\n<h2 id=\"rights-of-visitor\">Quels sont les droits de l'utilisateur du site web ?<\/h2>\n<p>Les services et leurs cookies peuvent \u00eatre d\u00e9finis et lus sur la base juridique de votre consentement ou d'un int\u00e9r\u00eat l\u00e9gitime. Lors de votre premi\u00e8re visite sur ce site web, il vous a \u00e9t\u00e9 demand\u00e9 votre consentement et vous avez eu la possibilit\u00e9 de vous opposer \u00e0 l'utilisation de certains services. Nous avons expliqu\u00e9 quelle base juridique est utilis\u00e9e pour quel service dans notre dialogue sur le consentement.<\/p>\n<p>Vous avez le droit de consulter l'historique de vos d\u00e9cisions, de modifier vos param\u00e8tres de confidentialit\u00e9, de vous opposer \u00e0 l'utilisation de services et de r\u00e9voquer votre consentement \u00e0 tout moment. Vous trouverez ci-dessous les possibilit\u00e9s d'exercer vos droits :<\/p>\n<ul>\n<li><a  href=\"#consent-change\" role=\"button\" id=\"rcb-sc-link-change\" data-success-message=\"\" class=\"rcb-sc-link rcb-sc-link-change \">Modifier les param\u00e8tres de confidentialit\u00e9<\/a><\/li>\n<li><a  href=\"#consent-history\" role=\"button\" id=\"rcb-sc-link-history\" data-success-message=\"\" class=\"rcb-sc-link rcb-sc-link-history \">Historique des param\u00e8tres de confidentialit\u00e9<\/a><\/li>\n<li><a  href=\"#consent-revoke\" role=\"button\" id=\"rcb-sc-link-revoke\" data-success-message=\"Vous avez r\u00e9voqu\u00e9 avec succ\u00e8s votre consentement aux services avec ses cookies et au traitement des donn\u00e9es personnelles. La page va \u00eatre recharg\u00e9e maintenant !\" class=\"rcb-sc-link rcb-sc-link-revoke \">Revoke consents<\/a><\/li>\n<\/ul>\n<h2 id=\"manage-cookies\">Comment g\u00e9rer les cookies dans un navigateur ?<\/h2>\n<ul>\n<li><strong>Comment supprimer les cookies dans un navigateur :<\/strong> Pour supprimer les cookies de votre appareil, vous pouvez effacer les donn\u00e9es de navigation dans les param\u00e8tres de votre navigateur. Cette action supprimera tous les cookies de tous les sites web que vous avez visit\u00e9s, y compris, \u00e9ventuellement, les donn\u00e9es de connexion enregistr\u00e9es et les pr\u00e9f\u00e9rences du site. Dans certains navigateurs, vous pouvez simplement supprimer les cookies et les donn\u00e9es similaires sans effacer l'ensemble de l'historique de navigation.<\/li>\n<li><strong>Comment g\u00e9rer les cookies dans un navigateur :<\/strong> Pour un contr\u00f4le plus pr\u00e9cis des cookies sp\u00e9cifiques \u00e0 certains sites web, acc\u00e9dez aux param\u00e8tres de confidentialit\u00e9 et de cookies de votre navigateur. Vous pouvez y r\u00e9gler les pr\u00e9f\u00e9rences relatives \u00e0 l'utilisation des cookies par les diff\u00e9rents sites.<\/li>\n<li><strong>Comment bloquer les cookies dans un navigateur :<\/strong> Il est possible de configurer les param\u00e8tres de la plupart des navigateurs modernes de mani\u00e8re \u00e0 bloquer l'installation de tous les cookies sur votre appareil. Toutefois, le blocage des cookies peut entra\u00eener le dysfonctionnement de certains services et fonctionnalit\u00e9s, par exemple l'ouverture d'une session en tant qu'utilisateur. Vous pouvez \u00e9galement utiliser des extensions pour de nombreux navigateurs qui peuvent bloquer l'installation de cookies sur les sites web.<\/li>\n<li><strong>Comment g\u00e9rer les cookies sur ce site web :<\/strong> Pour adapter vos pr\u00e9f\u00e9rences concernant les cookies sur ce site web, vous pouvez modifier vos pr\u00e9f\u00e9rences \u00e0 tout moment en cliquant sur le lien dans la section \"Droits de l'utiilisateur du site web\".<\/li>\n<\/li>\n<\/ul>\n<p>Vous trouverez plus d'informations sur le traitement des cookies sur le site <a href=\"https:\/\/devowl.io\/rcb\/cookie-handling\/\" target=\"_blank\">devowl.io\/rcb\/cookie-handling\/<\/a>.<\/p>\n<\/p>\n<h2 id=\"types-of-cookies\">Quels sont les types de cookies existants ?<\/h2>\n<ul>\n<li><strong>Les Cookies essentiels<\/strong> sont indispensables \u00e0 la fonctionnalit\u00e9 de base d'un site web et permettent des fonctions telles que la sauvegarde des informations de connexion ou l'acc\u00e8s \u00e0 des zones s\u00e9curis\u00e9es du site. Il s'agit, par exemple, des cookies de s\u00e9curit\u00e9, qui permettent d'identifier un robot ind\u00e9sirable sur le site web en stockant une cl\u00e9 d'authentification dans un cookie.<\/li>\n<li><strong>Les Cookies fonctionnels<\/strong> am\u00e9liorent l'exp\u00e9rience de l'utilisateur en stockant des informations et des pr\u00e9f\u00e9rences telles que les param\u00e8tres linguistiques ou les param\u00e8tres d'apparence du site web afin de fournir des services personnalis\u00e9s. Cela inclut, par exemple, les cookies de pr\u00e9f\u00e9rence qui stockent la qualit\u00e9 vid\u00e9o pr\u00e9f\u00e9r\u00e9e de l'utilisateur sur un site web.<\/li>\n<li><strong>Les Cookies statistiques<\/strong> collectent des donn\u00e9es sur l'utilisation d'un site web afin de mieux comprendre le comportement des utilisateurs et d'optimiser les performances du site. Il s'agit, par exemple, d'un identifiant d'utilisateur attribu\u00e9 de mani\u00e8re al\u00e9atoire qui permet de d\u00e9terminer si vous avez visit\u00e9 une sous-page du site web.<\/li>\n<li><strong>Les Cookies marketing <\/strong> sont utilis\u00e9s pour suivre le comportement des utilisateurs sur diff\u00e9rents sites web et pour afficher des publicit\u00e9s personnalis\u00e9es bas\u00e9es sur les int\u00e9r\u00eats et le comportement de navigation des utilisateurs. Il s'agit, par exemple, de cookies publicitaires qui enregistrent une interaction avec une publicit\u00e9 sur le site web et la transmettent aux annonceurs, ou d'un syst\u00e8me de chat pour les questions pr\u00e9alables \u00e0 la vente et l'assistance \u00e0 la client\u00e8le.<\/li>\n<\/li>\n<\/ul>\n<p>En outre, les cookies peuvent \u00e9galement \u00eatre utilis\u00e9s par les services des groupes suivants ou aux fins suivantes : Essential, Statistics<\/p>\n<\/p>\n<h2 id=\"cookies-origin\">Qui peut installer des cookies sur ce site web ?<\/h2>\n<p>Sur ce site web, l'\u00e9diteur du site et les services tiers qui sont utilis\u00e9s sur ce site peuvent installer des cookies et acc\u00e9der \u00e0 leur contenu. L'acc\u00e8s aux cookies et \u00e0 leur contenu diff\u00e8re selon qu'il s'agit de cookies de premi\u00e8re partie ou de cookies de tierce partie. Les cookies de premi\u00e8re partie sont cr\u00e9\u00e9s par le site web visit\u00e9 et ne peuvent \u00eatre lus que par l'\u00e9diteur du site web et les services tiers int\u00e9gr\u00e9s sur ce site web. Les cookies de tierce partie sont cr\u00e9\u00e9s par des services g\u00e9n\u00e9ralement tiers sur d'autres domaines, peuvent \u00eatre lus sur tous les sites web sur lesquels le service qui contr\u00f4le le domaine est int\u00e9gr\u00e9 et, par exemple, sont utilis\u00e9s par les r\u00e9seaux publicitaires pour suivre le comportement de l'utilisateur sur diff\u00e9rents sites web et offrir une publicit\u00e9 personnalis\u00e9e.<\/p>\n<h2 id=\"list-of-services\">Quels sont les cookies utilis\u00e9s sur ce site ?<\/h2>\n<p><script type=\"application\/json\">{\"search\":{\"placeholder\":\"Rechercher ...\"},\"sort\":{\"sortAsc\":\"Trier les colonnes par ordre croissant\",\"sortDesc\":\"Trier les colonnes en ordre d\\u00e9croissant\"},\"pagination\":{\"previous\":\"Pr\\u00e9c\\u00e9dent\",\"next\":\"Suivant\",\"navigate\":\"Page %1$d sur %2$d\",\"page\":\"Page %d\",\"showing\":\"Afficher\",\"of\":\"de\",\"to\":\"\\u00e0\",\"results\":\"r\\u00e9sultats\"},\"noRecordsFound\":\"Aucun r\\u00e9sultat correspondant n'a \\u00e9t\\u00e9 trouv\\u00e9\"}<\/script><\/p>\n<table  class=\"devowl-wp-react-cookie-banner-cookie-policy\">\n<thead>\n<tr>\n<th width=\"200px\" scope=\"col\">Cat\u00e9gorie<\/th>\n<th width=\"400px\" scope=\"col\">Nom du cookie technique<\/th>\n<th width=\"400px\" scope=\"col\">H\u00e9bergeur de cookies techniques<\/th>\n<th width=\"400px\" scope=\"col\">Service<\/th>\n<th width=\"250px\" scope=\"col\">Dur\u00e9e<\/th>\n<th width=\"200px\" scope=\"col\">Type<\/th>\n<th width=\"550px\" scope=\"col\">Finalit\u00e9s<\/th>\n<\/tr>\n<\/thead>\n<tbody>\n<tr>\n<td>Essential<\/td>\n<td>real_cookie_banner*<\/td>\n<td>.frogblue.com<\/td>\n<td>Real Cookie Banner<\/td>\n<td>365 jours<\/td>\n<td>HTTP Cookie<\/td>\n<td>Identificatore unico per il consenso, ma non per il visitatore del sito web. Hash di revisione per le impostazioni del banner dei cookie (testi, colori, caratteristiche, gruppi di servizi, servizi, blocco dei contenuti, ecc.) ID per i servizi e i gruppi di servizi acconsentiti.<\/td>\n<\/tr>\n<tr>\n<td>Essential<\/td>\n<td>real_cookie_banner*-tcf<\/td>\n<td>.frogblue.com<\/td>\n<td>Real Cookie Banner<\/td>\n<td>365 jours<\/td>\n<td>HTTP Cookie<\/td>\n<td>Consensi raccolti nell'ambito del TCF memorizzati nel formato TC String, compresi i fornitori del TCF, gli scopi, gli scopi speciali, le caratteristiche e le caratteristiche speciali.<\/td>\n<\/tr>\n<tr>\n<td>Essential<\/td>\n<td>real_cookie_banner*-gcm<\/td>\n<td>.frogblue.com<\/td>\n<td>Real Cookie Banner<\/td>\n<td>365 jours<\/td>\n<td>HTTP Cookie<\/td>\n<td>Consensi in tipi di consenso (finalit\u00e0) raccolti nell'ambito della Modalit\u00e0 di consenso di Google memorizzati per tutti i servizi compatibili con la Modalit\u00e0 di consenso di Google.<\/td>\n<\/tr>\n<tr>\n<td>Essential<\/td>\n<td>real_cookie_banner-test<\/td>\n<td>.frogblue.com<\/td>\n<td>Real Cookie Banner<\/td>\n<td>365 jours<\/td>\n<td>HTTP Cookie<\/td>\n<td>Cookie impostato per testare la funzionalit\u00e0 dei cookie HTTP. Cancellato immediatamente dopo il test.<\/td>\n<\/tr>\n<tr>\n<td>Essential<\/td>\n<td>real_cookie_banner*<\/td>\n<td>https:\/\/www.frogblue.com<\/td>\n<td>Real Cookie Banner<\/td>\n<td>-<\/td>\n<td>Local Storage<\/td>\n<td>Identificatore unico per il consenso, ma non per il visitatore del sito web. Hash di revisione per le impostazioni del banner dei cookie (testi, colori, caratteristiche, gruppi di servizi, servizi, blocco dei contenuti, ecc.) ID per i servizi e i gruppi di servizi acconsentiti. Viene memorizzato solo fino a quando il consenso non viene documentato sul server del sito web.<\/td>\n<\/tr>\n<tr>\n<td>Essential<\/td>\n<td>real_cookie_banner*-tcf<\/td>\n<td>https:\/\/www.frogblue.com<\/td>\n<td>Real Cookie Banner<\/td>\n<td>-<\/td>\n<td>Local Storage<\/td>\n<td>I consensi raccolti nell'ambito del TCF vengono memorizzati nel formato TC String, compresi i fornitori del TCF, gli scopi, gli scopi speciali, le caratteristiche e le caratteristiche speciali. Viene memorizzato solo finch\u00e9 il consenso non viene documentato sul server del sito web.<\/td>\n<\/tr>\n<tr>\n<td>Essential<\/td>\n<td>real_cookie_banner*-gcm<\/td>\n<td>https:\/\/www.frogblue.com<\/td>\n<td>Real Cookie Banner<\/td>\n<td>-<\/td>\n<td>Local Storage<\/td>\n<td>I consensi raccolti in base alla Modalit\u00e0 di consenso di Google vengono memorizzati nei tipi di consenso (finalit\u00e0) per tutti i servizi compatibili con la Modalit\u00e0 di consenso di Google. Viene memorizzato solo finch\u00e9 il consenso non viene documentato sul server del sito web.<\/td>\n<\/tr>\n<tr>\n<td>Essential<\/td>\n<td>real_cookie_banner-consent-queue*<\/td>\n<td>https:\/\/www.frogblue.com<\/td>\n<td>Real Cookie Banner<\/td>\n<td>-<\/td>\n<td>Local Storage<\/td>\n<td>La cache locale della selezione nel banner dei cookie fino a quando il server documenta il consenso; la documentazione periodica o al cambio di pagina viene tentata se il server non \u00e8 disponibile o \u00e8 sovraccarico.<\/td>\n<\/tr>\n<tr>\n<td>Statistics<\/td>\n<td>_ga<\/td>\n<td>.frogblue.com<\/td>\n<td>Google Analytics<\/td>\n<td>2 ann\u00e9es<\/td>\n<td>HTTP Cookie<\/td>\n<td>-<\/td>\n<\/tr>\n<tr>\n<td>Statistics<\/td>\n<td>_gid<\/td>\n<td>.frogblue.com<\/td>\n<td>Google Analytics<\/td>\n<td>1 jour<\/td>\n<td>HTTP Cookie<\/td>\n<td>-<\/td>\n<\/tr>\n<tr>\n<td>Statistics<\/td>\n<td>_gat<\/td>\n<td>.frogblue.com<\/td>\n<td>Google Analytics<\/td>\n<td>1 ann\u00e9e<\/td>\n<td>HTTP Cookie<\/td>\n<td>-<\/td>\n<\/tr>\n<tr>\n<td>Statistics<\/td>\n<td>AMP_TOKEN<\/td>\n<td>.frogblue.com<\/td>\n<td>Google Analytics<\/td>\n<td>1 ann\u00e9e<\/td>\n<td>HTTP Cookie<\/td>\n<td>-<\/td>\n<\/tr>\n<tr>\n<td>Statistics<\/td>\n<td>_gac_*<\/td>\n<td>.frogblue.com<\/td>\n<td>Google Analytics<\/td>\n<td>90 jours<\/td>\n<td>HTTP Cookie<\/td>\n<td>-<\/td>\n<\/tr>\n<tr>\n<td>Statistics<\/td>\n<td>_gat_gtag_*<\/td>\n<td>.frogblue.com<\/td>\n<td>Google Analytics<\/td>\n<td>1 minute<\/td>\n<td>HTTP Cookie<\/td>\n<td>-<\/td>\n<\/tr>\n<\/tbody>\n<\/table>\n<p>La politique en mati\u00e8re de cookies a \u00e9t\u00e9 mise \u00e0 jour pour la derni\u00e8re fois le n\/a.<\/p>\n","protected":false},"excerpt":{"rendered":"","protected":false},"author":1,"featured_media":0,"parent":0,"menu_order":5,"comment_status":"closed","ping_status":"closed","template":"page-normal-white.php","meta":{"_acf_changed":false,"footnotes":""},"class_list":["post-22486","page","type-page","status-publish","hentry"],"acf":[],"yoast_head":"<!-- This site is optimized with the Yoast SEO plugin v27.3 - https:\/\/yoast.com\/product\/yoast-seo-wordpress\/ -->\n<title>Cookie Policy (EU) | frogblue Smart Home Systems<\/title>\n<meta name=\"description\" content=\"Cookie Policy (EU) - La solution efficace pour un habitat vraiment intelligent.\" \/>\n<meta name=\"robots\" content=\"index, follow, max-snippet:-1, max-image-preview:large, max-video-preview:-1\" \/>\n<link rel=\"canonical\" href=\"https:\/\/www.frogblue.com\/fr\/cookie-policy-eu\/\" \/>\n<meta property=\"og:locale\" content=\"fr_FR\" \/>\n<meta property=\"og:type\" content=\"article\" \/>\n<meta property=\"og:title\" content=\"Cookie Policy (EU) | frogblue Smart Home Systems\" \/>\n<meta property=\"og:description\" content=\"Cookie Policy (EU) - La solution efficace pour un habitat vraiment intelligent.\" \/>\n<meta property=\"og:url\" content=\"https:\/\/www.frogblue.com\/fr\/cookie-policy-eu\/\" \/>\n<meta property=\"og:site_name\" content=\"frogblue Smart Home Systems\" \/>\n<meta property=\"article:modified_time\" content=\"2025-06-04T14:52:37+00:00\" \/>\n<meta name=\"twitter:card\" content=\"summary_large_image\" \/>\n<script type=\"application\/ld+json\" class=\"yoast-schema-graph\">{\"@context\":\"https:\\\/\\\/schema.org\",\"@graph\":[{\"@type\":\"WebPage\",\"@id\":\"https:\\\/\\\/www.frogblue.com\\\/fr\\\/cookie-policy-eu\\\/\",\"url\":\"https:\\\/\\\/www.frogblue.com\\\/fr\\\/cookie-policy-eu\\\/\",\"name\":\"Cookie Policy (EU) | frogblue Smart Home Systems\",\"isPartOf\":{\"@id\":\"https:\\\/\\\/www.frogblue.com\\\/fr\\\/#website\"},\"datePublished\":\"2021-07-22T19:21:05+00:00\",\"dateModified\":\"2025-06-04T14:52:37+00:00\",\"description\":\"Cookie Policy (EU) - La solution efficace pour un habitat vraiment intelligent.\",\"breadcrumb\":{\"@id\":\"https:\\\/\\\/www.frogblue.com\\\/fr\\\/cookie-policy-eu\\\/#breadcrumb\"},\"inLanguage\":\"fr-FR\",\"potentialAction\":[{\"@type\":\"ReadAction\",\"target\":[\"https:\\\/\\\/www.frogblue.com\\\/fr\\\/cookie-policy-eu\\\/\"]}]},{\"@type\":\"BreadcrumbList\",\"@id\":\"https:\\\/\\\/www.frogblue.com\\\/fr\\\/cookie-policy-eu\\\/#breadcrumb\",\"itemListElement\":[{\"@type\":\"ListItem\",\"position\":1,\"name\":\"Startseite\",\"item\":\"https:\\\/\\\/www.frogblue.com\\\/fr\\\/\"},{\"@type\":\"ListItem\",\"position\":2,\"name\":\"Cookie Policy (EU)\"}]},{\"@type\":\"WebSite\",\"@id\":\"https:\\\/\\\/www.frogblue.com\\\/fr\\\/#website\",\"url\":\"https:\\\/\\\/www.frogblue.com\\\/fr\\\/\",\"name\":\"frogblue Smart Home Systems\",\"description\":\"Smart Home &amp; Building Technology\",\"publisher\":{\"@id\":\"https:\\\/\\\/www.frogblue.com\\\/fr\\\/#organization\"},\"potentialAction\":[{\"@type\":\"SearchAction\",\"target\":{\"@type\":\"EntryPoint\",\"urlTemplate\":\"https:\\\/\\\/www.frogblue.com\\\/fr\\\/?s={search_term_string}\"},\"query-input\":{\"@type\":\"PropertyValueSpecification\",\"valueRequired\":true,\"valueName\":\"search_term_string\"}}],\"inLanguage\":\"fr-FR\"},{\"@type\":\"Organization\",\"@id\":\"https:\\\/\\\/www.frogblue.com\\\/fr\\\/#organization\",\"name\":\"Frogblue\",\"url\":\"https:\\\/\\\/www.frogblue.com\\\/fr\\\/\",\"logo\":{\"@type\":\"ImageObject\",\"inLanguage\":\"fr-FR\",\"@id\":\"https:\\\/\\\/www.frogblue.com\\\/fr\\\/#\\\/schema\\\/logo\\\/image\\\/\",\"url\":\"https:\\\/\\\/www.frogblue.com\\\/wp-content\\\/uploads\\\/2021\\\/04\\\/frogblue.jpg\",\"contentUrl\":\"https:\\\/\\\/www.frogblue.com\\\/wp-content\\\/uploads\\\/2021\\\/04\\\/frogblue.jpg\",\"width\":225,\"height\":225,\"caption\":\"Frogblue\"},\"image\":{\"@id\":\"https:\\\/\\\/www.frogblue.com\\\/fr\\\/#\\\/schema\\\/logo\\\/image\\\/\"}}]}<\/script>\n<!-- \/ Yoast SEO plugin. -->","yoast_head_json":{"title":"Cookie Policy (EU) | frogblue Smart Home Systems","description":"Cookie Policy (EU) - La solution efficace pour un habitat vraiment intelligent.","robots":{"index":"index","follow":"follow","max-snippet":"max-snippet:-1","max-image-preview":"max-image-preview:large","max-video-preview":"max-video-preview:-1"},"canonical":"https:\/\/www.frogblue.com\/fr\/cookie-policy-eu\/","og_locale":"fr_FR","og_type":"article","og_title":"Cookie Policy (EU) | frogblue Smart Home Systems","og_description":"Cookie Policy (EU) - La solution efficace pour un habitat vraiment intelligent.","og_url":"https:\/\/www.frogblue.com\/fr\/cookie-policy-eu\/","og_site_name":"frogblue Smart Home Systems","article_modified_time":"2025-06-04T14:52:37+00:00","twitter_card":"summary_large_image","schema":{"@context":"https:\/\/schema.org","@graph":[{"@type":"WebPage","@id":"https:\/\/www.frogblue.com\/fr\/cookie-policy-eu\/","url":"https:\/\/www.frogblue.com\/fr\/cookie-policy-eu\/","name":"Cookie Policy (EU) | frogblue Smart Home Systems","isPartOf":{"@id":"https:\/\/www.frogblue.com\/fr\/#website"},"datePublished":"2021-07-22T19:21:05+00:00","dateModified":"2025-06-04T14:52:37+00:00","description":"Cookie Policy (EU) - La solution efficace pour un habitat vraiment intelligent.","breadcrumb":{"@id":"https:\/\/www.frogblue.com\/fr\/cookie-policy-eu\/#breadcrumb"},"inLanguage":"fr-FR","potentialAction":[{"@type":"ReadAction","target":["https:\/\/www.frogblue.com\/fr\/cookie-policy-eu\/"]}]},{"@type":"BreadcrumbList","@id":"https:\/\/www.frogblue.com\/fr\/cookie-policy-eu\/#breadcrumb","itemListElement":[{"@type":"ListItem","position":1,"name":"Startseite","item":"https:\/\/www.frogblue.com\/fr\/"},{"@type":"ListItem","position":2,"name":"Cookie Policy (EU)"}]},{"@type":"WebSite","@id":"https:\/\/www.frogblue.com\/fr\/#website","url":"https:\/\/www.frogblue.com\/fr\/","name":"frogblue Smart Home Systems","description":"Smart Home &amp; Building Technology","publisher":{"@id":"https:\/\/www.frogblue.com\/fr\/#organization"},"potentialAction":[{"@type":"SearchAction","target":{"@type":"EntryPoint","urlTemplate":"https:\/\/www.frogblue.com\/fr\/?s={search_term_string}"},"query-input":{"@type":"PropertyValueSpecification","valueRequired":true,"valueName":"search_term_string"}}],"inLanguage":"fr-FR"},{"@type":"Organization","@id":"https:\/\/www.frogblue.com\/fr\/#organization","name":"Frogblue","url":"https:\/\/www.frogblue.com\/fr\/","logo":{"@type":"ImageObject","inLanguage":"fr-FR","@id":"https:\/\/www.frogblue.com\/fr\/#\/schema\/logo\/image\/","url":"https:\/\/www.frogblue.com\/wp-content\/uploads\/2021\/04\/frogblue.jpg","contentUrl":"https:\/\/www.frogblue.com\/wp-content\/uploads\/2021\/04\/frogblue.jpg","width":225,"height":225,"caption":"Frogblue"},"image":{"@id":"https:\/\/www.frogblue.com\/fr\/#\/schema\/logo\/image\/"}}]}},"_links":{"self":[{"href":"https:\/\/www.frogblue.com\/fr\/wp-json\/wp\/v2\/pages\/22486","targetHints":{"allow":["GET"]}}],"collection":[{"href":"https:\/\/www.frogblue.com\/fr\/wp-json\/wp\/v2\/pages"}],"about":[{"href":"https:\/\/www.frogblue.com\/fr\/wp-json\/wp\/v2\/types\/page"}],"author":[{"embeddable":true,"href":"https:\/\/www.frogblue.com\/fr\/wp-json\/wp\/v2\/users\/1"}],"replies":[{"embeddable":true,"href":"https:\/\/www.frogblue.com\/fr\/wp-json\/wp\/v2\/comments?post=22486"}],"version-history":[{"count":0,"href":"https:\/\/www.frogblue.com\/fr\/wp-json\/wp\/v2\/pages\/22486\/revisions"}],"wp:attachment":[{"href":"https:\/\/www.frogblue.com\/fr\/wp-json\/wp\/v2\/media?parent=22486"}],"curies":[{"name":"wp","href":"https:\/\/api.w.org\/{rel}","templated":true}]}}