{"id":22488,"date":"2021-07-22T21:21:05","date_gmt":"2021-07-22T19:21:05","guid":{"rendered":"https:\/\/www.frogblue.com\/wp-test\/cookie-policy-eu\/"},"modified":"2025-06-04T16:52:57","modified_gmt":"2025-06-04T14:52:57","slug":"cookie-policy-eu","status":"publish","type":"page","link":"https:\/\/www.frogblue.com\/es\/cookie-policy-eu\/","title":{"rendered":"Cookie Policy (EU)"},"content":{"rendered":"<p>Con esta pol\u00edtica de cookies, nos gustar\u00eda explicar qu\u00e9 son las cookies y las tecnolog\u00edas similares a las cookies, c\u00f3mo nosotros y otros proveedores de servicios las utilizamos en este sitio web, qu\u00e9 informaci\u00f3n recopilan, durante cu\u00e1nto tiempo y con qu\u00e9 fines las utilizamos.<\/p>\n<h2>\u00cdndice<\/h2>\n<ul>\n<li><a href=\"#diff-to-privacy-policy\">Informaci\u00f3n adicional a la pol\u00edtica de privacidad<\/a><\/li>\n<li><a href=\"#cookie-technology\">\u00bfQu\u00e9 son las cookies y tecnolog\u00edas similares?<\/a><\/li>\n<li><a href=\"#legal-basis\">\u00bfCu\u00e1l es la base legal para establecer\/leer cookies?<\/a><\/li>\n<li><a href=\"#rights-of-visitor\">\u00bfQu\u00e9 derechos tiene el visitante del sitio web?<\/a><\/li>\n<li><a href=\"#manage-cookies\">\u00bfC\u00f3mo gestionar las cookies en un navegador?<\/a><\/li>\n<li><a href=\"#types-of-cookies\">\u00bfQu\u00e9 tipos de cookies existen?<\/a><\/li>\n<li><a href=\"#cookies-origin\">\u00bfQui\u00e9n puede instalar cookies en este sitio web?<\/a><\/li>\n<li><a href=\"#list-of-services\">\u00bfQu\u00e9 cookies se utilizan en este sitio web?<\/a><\/li>\n<\/ul>\n<h2 id=\"diff-to-privacy-policy\">Informaci\u00f3n adicional a la pol\u00edtica de privacidad<\/h2>\n<p>Esta pol\u00edtica de cookies es un suplemento a la <a href=\"https:\/\/www.frogblue.com\/es\/data-protection\/\" target=\"_blank\">pol\u00edtica de privacidad<\/a> de este sitio web. La pol\u00edtica de cookies especifica c\u00f3mo utiliza un sitio web las cookies y qu\u00e9 datos recopila a trav\u00e9s de ellas, mientras que la pol\u00edtica de privacidad es una descripci\u00f3n m\u00e1s completa de todas las actividades de procesamiento de datos en la p\u00e1gina web y fuera de la misma.<\/p>\n<h2 id=\"cookie-technology\">\u00bfQu\u00e9 son las cookies y tecnolog\u00edas similares?<\/h2>\n<p>Las cookies son peque\u00f1os fragmentos de informaci\u00f3n similares a archivos de texto que pueden almacenarse y leerse en el dispositivo final. Sirven para diversas razones, incluyendo mantener las funcionalidades b\u00e1sicas del sitio web, la seguridad y la privacidad, proporcionar funciones opcionales del sitio web, recopilar datos estad\u00edsticos sobre los flujos de visitantes, y proporcionar sistemas de marketing. Algunos ejemplos pr\u00e1cticos de lo que se puede almacenar en las cookies son el almacenamiento del estado de inicio de sesi\u00f3n en las cuentas de usuario, el contenido de las cestas de la compra en las plataformas de comercio electr\u00f3nico, o una identificaci\u00f3n de usuario para el seguimiento del comportamiento en el sitio web.<\/p>\n<p>La informaci\u00f3n puede almacenarse t\u00e9cnicamente de varias maneras. Los ejemplos m\u00e1s conocidos son las cookies HTTP y las tecnolog\u00edas similares a las cookies, como el almacenamiento local, el almacenamiento de sesi\u00f3n o IndexedDB. Cada tipo de almacenamiento tiene caracter\u00edsticas diferentes, que determinan la gesti\u00f3n t\u00e9cnica, la accesibilidad y los responsables autorizados para acceder a la informaci\u00f3n. Todos estos tipos de almacenamiento suelen resumirse bajo el t\u00e9rmino \"cookies\" y, por lo tanto, se denominan como tales en esta pol\u00edtica de cookies.<\/p>\n<h2 id=\"legal-basis\">\u00bfCu\u00e1l es la base legal para establecer\/leer cookies?<\/h2>\n<p>La configuraci\u00f3n y lectura de cookies en la Uni\u00f3n Europea (UE) y en el Espacio Econ\u00f3mico Europeo (EEE) solo est\u00e1 permitida, de conformidad con Art\u00edculo 22 (2) de la Ley de Servicios de la Sociedad de la Informaci\u00f3n y de Comercio Electr\u00f3nico (LSSI), si el usuario ha dado su consentimiento sobre la base de una informaci\u00f3n exhaustiva acerca de las razones del tratamiento. El operador del sitio web tambi\u00e9n puede instalar cookies si son estrictamente necesarias para proporcionarle a usted como usuario el servicio expresamente solicitado como, por ejemplo, el contenido b\u00e1sico de este sitio web u otras cookies estrictamente necesarias para el funcionamiento b\u00e1sico del sitio web para mostr\u00e1rselo sin su consentimiento.<\/p>\n<h2 id=\"rights-of-visitor\">\u00bfQu\u00e9 derechos tiene el visitante del sitio web?<\/h2>\n<p>Los servicios y sus cookies pueden configurarse y leerse sobre la base legal de su consentimiento o de un inter\u00e9s leg\u00edtimo. Cuando visit\u00f3 este sitio web por primera vez, se le pidi\u00f3 su consentimiento y tuvo la oportunidad de oponerse al uso de determinados servicios. Le explicamos qu\u00e9 base legal se utiliza para cada servicio en nuestro di\u00e1logo de consentimiento.<\/p>\n<p>Tiene derecho a ver el historial de sus decisiones, cambiar su configuraci\u00f3n de privacidad, oponerse al uso de servicios y revocar su consentimiento en cualquier momento. A continuaci\u00f3n encontrar\u00e1 las posibilidades para ejercer sus derechos:<\/p>\n<ul>\n<li>Por favor, \u00a1proporcione un atributo `type` en su shortcode. Permitido: history,revoke,change!<\/li>\n<li>Por favor, \u00a1proporcione un atributo `type` en su shortcode. Permitido: history,revoke,change!<\/li>\n<li>Por favor, \u00a1proporcione un atributo `type` en su shortcode. Permitido: history,revoke,change!<\/li>\n<\/ul>\n<h2 id=\"manage-cookies\">\u00bfC\u00f3mo gestionar las cookies en un navegador?<\/h2>\n<ul>\n<li><strong>C\u00f3mo eliminar las cookies de un navegador:<\/strong> para eliminar las cookies de su dispositivo puede eliminar los datos de navegaci\u00f3n en la configuraci\u00f3n de su navegador. Esta acci\u00f3n eliminar\u00e1 todas las cookies de todos los sitios web que haya visitado, incluyendo seguramente los datos de inicio de sesi\u00f3n que hayan sido guardados y las preferencias de la p\u00e1gina web . En algunos navegadores, pude eliminar solo las cookies y datos similares sin borrar todo el historial de navegaci\u00f3n.<\/li>\n<li><strong>C\u00f3mo controlar las cookies en un navegador:<\/strong> para un control m\u00e1s granular de las cookies espec\u00edficas de determinados sitios web, acceda a la configuraci\u00f3n de privacidad y de cookies dentro del navegador que est\u00e9 usando. All\u00ed podr\u00e1 configurar las preferencias relacionadas con el uso de cookies de sitios particulares.<\/li>\n<li><strong>C\u00f3mo bloquear las cookies en un navegador:<\/strong> es posible configurar la mayor\u00eda de los navegadores modernos en sus ajustes para bloquear todas las cookies que se instalen en su dispositivo. Pero bloquear las cookies podr\u00eda hacer que algunos servicios y caracter\u00edsticas no funcionen correctamente, por ejemplo, el inicio de sesi\u00f3n como usuario. Tambi\u00e9n puede utilizar extensiones para muchos navegadores, que pueden bloquear la instalaci\u00f3n de cookies en los sitios web.<\/li>\n<li><strong>C\u00f3mo gestionar las cookies en este sitio web:<\/strong> si quiere adaptar las cookies de acuerdo a sus preferencias en este sitio web, puede cambiarlas en cualquier momento haciendo clic en el enlace de la secci\u00f3n \"Derechos del visitante del sitio web\".<\/li>\n<\/li>\n<\/ul>\n<p>Puede encontrar m\u00e1s informaci\u00f3n sobre la administraci\u00f3n de cookies en <a href=\"https:\/\/devowl.io\/rcb\/cookie-handling\/\" target=\"_blank\">devowl.io\/rcb\/cookie-handling\/<\/a>.<\/p>\n<\/p>\n<h2 id=\"types-of-cookies\">\u00bfQu\u00e9 tipos de cookies existen?<\/h2>\n<ul>\n<li><strong>Las cookies esenciales<\/strong> son indispensables para la funcionalidad b\u00e1sica de un sitio web, y habilitan funciones como guardar la informaci\u00f3n de inicio de sesi\u00f3n o acceder a zonas seguras del sitio. Entre estas cookies se incluyen, por ejemplo, las cookies de seguridad, que pueden identificar a un bot no deseado en el sitio web al almacenar una clave de autenticaci\u00f3n en una cookie.<\/li>\n<li><strong>Las cookies funcionales<\/strong> mejoran la experiencia del usuario porque almacenan la informaci\u00f3n y las preferencias del usuario, como la configuraci\u00f3n del idioma o la configuraci\u00f3n de la apariencia del sitio web para poder ofrecerla ya personalizada. Entre estas cookies est\u00e1n, por ejemplo, las cookies de preferencias que almacenan la calidad de v\u00eddeo que prefiere el usuario en una sitio web.<\/li>\n<li><strong>Las cookies estad\u00edsticas<\/strong> recogen datos sobre el uso de un sitio web para obtener informaci\u00f3n sobre el comportamiento de los usuarios y optimizar el rendimiento del sitio. Esto incluye, por ejemplo, una identificaci\u00f3n de usuario asignada aleatoriamente que posibilita conocer si ha visitado una subp\u00e1gina del sitio web.<\/li>\n<li><strong>Las cookies de marketing<\/strong> se utilizan para rastrear el comportamiento de los usuarios en diferentes sitios web y mostrarles publicidad personalizada basada en los intereses y el comportamiento de navegaci\u00f3n de los mismos. Entre estas cookies se incluyen, por ejemplo, las cookies publicitarias que almacenan una interacci\u00f3n con un anuncio en el sitio web y la transmiten a los anunciantes o a un sistema de chat para preguntas de preventa y atenci\u00f3n al cliente.<\/li>\n<\/li>\n<\/ul>\n<p>Asimismo, pueden usar tambi\u00e9n cookies otros servicios de los siguientes grupos o para las siguientes razones: Essential, Statistics<\/p>\n<\/p>\n<h2 id=\"cookies-origin\">\u00bfQui\u00e9n puede instalar cookies en este sitio web?<\/h2>\n<p>En este sitio web, tanto el operador del mismo como los servicios de terceros que se utilizan en el, pueden establecer cookies y acceder a su contenido. Quien puede acceder a una cookie determinada y a su contenido depende de si se trata de cookies propias o de terceros. La p\u00e1gina web que se visita crea cookies propias y \u00e9stas solo pueden ser le\u00eddas por el operador del sitio web y los servicios de terceros integrados en este sitio web. Normalmente los servicios de terceros crean cookies de terceros en otros dominios y estas pueden ser le\u00eddas en todos los sitios en los que est\u00e9 integrado el servicio que controla el dominio. Un ejemplo de uso de estas \u00faltimas cookies es el de las redes publicitas al rastrear el comportamiento de los usuarios en diferentes sitios web y ofrecer publicidad personalizada.<\/p>\n<h2 id=\"list-of-services\">\u00bfQu\u00e9 cookies se utilizan en este sitio web?<\/h2>\n<p><script type=\"application\/json\">{\"search\":{\"placeholder\":\"Buscar...\"},\"sort\":{\"sortAsc\":\"Ordenar columna de menor a mayor\",\"sortDesc\":\"Ordenar columna de mayor a menor\"},\"pagination\":{\"previous\":\"Anterior\",\"next\":\"Siguiente\",\"navigate\":\"P\\u00e1gina %1$d de %2$d\",\"page\":\"P\\u00e1gina %d\",\"showing\":\"Mostrando\",\"of\":\"de\",\"to\":\"a\",\"results\":\"resultados\"},\"noRecordsFound\":\"No se han encontrado registros que coincidan\"}<\/script><\/p>\n<table  class=\"devowl-wp-react-cookie-banner-cookie-policy\">\n<thead>\n<tr>\n<th width=\"200px\" scope=\"col\">Categor\u00eda<\/th>\n<th width=\"400px\" scope=\"col\">Nombre de la cookie t\u00e9cnica<\/th>\n<th width=\"400px\" scope=\"col\">Servidor de cookies t\u00e9cnicas<\/th>\n<th width=\"400px\" scope=\"col\">Servicio<\/th>\n<th width=\"250px\" scope=\"col\">Duraci\u00f3n<\/th>\n<th width=\"200px\" scope=\"col\">Tipo<\/th>\n<th width=\"550px\" scope=\"col\">Prop\u00f3sito<\/th>\n<\/tr>\n<\/thead>\n<tbody>\n<tr>\n<td>Essential<\/td>\n<td>real_cookie_banner*<\/td>\n<td>.frogblue.com<\/td>\n<td>Real Cookie Banner<\/td>\n<td>365 d\u00edas<\/td>\n<td>HTTP Cookie<\/td>\n<td>Identificatore unico per il consenso, ma non per il visitatore del sito web. Hash di revisione per le impostazioni del banner dei cookie (testi, colori, caratteristiche, gruppi di servizi, servizi, blocco dei contenuti, ecc.) ID per i servizi e i gruppi di servizi acconsentiti.<\/td>\n<\/tr>\n<tr>\n<td>Essential<\/td>\n<td>real_cookie_banner*-tcf<\/td>\n<td>.frogblue.com<\/td>\n<td>Real Cookie Banner<\/td>\n<td>365 d\u00edas<\/td>\n<td>HTTP Cookie<\/td>\n<td>Consensi raccolti nell'ambito del TCF memorizzati nel formato TC String, compresi i fornitori del TCF, gli scopi, gli scopi speciali, le caratteristiche e le caratteristiche speciali.<\/td>\n<\/tr>\n<tr>\n<td>Essential<\/td>\n<td>real_cookie_banner*-gcm<\/td>\n<td>.frogblue.com<\/td>\n<td>Real Cookie Banner<\/td>\n<td>365 d\u00edas<\/td>\n<td>HTTP Cookie<\/td>\n<td>Consensi in tipi di consenso (finalit\u00e0) raccolti nell'ambito della Modalit\u00e0 di consenso di Google memorizzati per tutti i servizi compatibili con la Modalit\u00e0 di consenso di Google.<\/td>\n<\/tr>\n<tr>\n<td>Essential<\/td>\n<td>real_cookie_banner-test<\/td>\n<td>.frogblue.com<\/td>\n<td>Real Cookie Banner<\/td>\n<td>365 d\u00edas<\/td>\n<td>HTTP Cookie<\/td>\n<td>Cookie impostato per testare la funzionalit\u00e0 dei cookie HTTP. Cancellato immediatamente dopo il test.<\/td>\n<\/tr>\n<tr>\n<td>Essential<\/td>\n<td>real_cookie_banner*<\/td>\n<td>https:\/\/www.frogblue.com<\/td>\n<td>Real Cookie Banner<\/td>\n<td>-<\/td>\n<td>Local Storage<\/td>\n<td>Identificatore unico per il consenso, ma non per il visitatore del sito web. Hash di revisione per le impostazioni del banner dei cookie (testi, colori, caratteristiche, gruppi di servizi, servizi, blocco dei contenuti, ecc.) ID per i servizi e i gruppi di servizi acconsentiti. Viene memorizzato solo fino a quando il consenso non viene documentato sul server del sito web.<\/td>\n<\/tr>\n<tr>\n<td>Essential<\/td>\n<td>real_cookie_banner*-tcf<\/td>\n<td>https:\/\/www.frogblue.com<\/td>\n<td>Real Cookie Banner<\/td>\n<td>-<\/td>\n<td>Local Storage<\/td>\n<td>I consensi raccolti nell'ambito del TCF vengono memorizzati nel formato TC String, compresi i fornitori del TCF, gli scopi, gli scopi speciali, le caratteristiche e le caratteristiche speciali. Viene memorizzato solo finch\u00e9 il consenso non viene documentato sul server del sito web.<\/td>\n<\/tr>\n<tr>\n<td>Essential<\/td>\n<td>real_cookie_banner*-gcm<\/td>\n<td>https:\/\/www.frogblue.com<\/td>\n<td>Real Cookie Banner<\/td>\n<td>-<\/td>\n<td>Local Storage<\/td>\n<td>I consensi raccolti in base alla Modalit\u00e0 di consenso di Google vengono memorizzati nei tipi di consenso (finalit\u00e0) per tutti i servizi compatibili con la Modalit\u00e0 di consenso di Google. Viene memorizzato solo finch\u00e9 il consenso non viene documentato sul server del sito web.<\/td>\n<\/tr>\n<tr>\n<td>Essential<\/td>\n<td>real_cookie_banner-consent-queue*<\/td>\n<td>https:\/\/www.frogblue.com<\/td>\n<td>Real Cookie Banner<\/td>\n<td>-<\/td>\n<td>Local Storage<\/td>\n<td>La cache locale della selezione nel banner dei cookie fino a quando il server documenta il consenso; la documentazione periodica o al cambio di pagina viene tentata se il server non \u00e8 disponibile o \u00e8 sovraccarico.<\/td>\n<\/tr>\n<tr>\n<td>Statistics<\/td>\n<td>_ga<\/td>\n<td>.frogblue.com<\/td>\n<td>Google Analytics<\/td>\n<td>2 a\u00f1os<\/td>\n<td>HTTP Cookie<\/td>\n<td>-<\/td>\n<\/tr>\n<tr>\n<td>Statistics<\/td>\n<td>_gid<\/td>\n<td>.frogblue.com<\/td>\n<td>Google Analytics<\/td>\n<td>1 d\u00eda<\/td>\n<td>HTTP Cookie<\/td>\n<td>-<\/td>\n<\/tr>\n<tr>\n<td>Statistics<\/td>\n<td>_gat<\/td>\n<td>.frogblue.com<\/td>\n<td>Google Analytics<\/td>\n<td>1 a\u00f1o<\/td>\n<td>HTTP Cookie<\/td>\n<td>-<\/td>\n<\/tr>\n<tr>\n<td>Statistics<\/td>\n<td>AMP_TOKEN<\/td>\n<td>.frogblue.com<\/td>\n<td>Google Analytics<\/td>\n<td>1 a\u00f1o<\/td>\n<td>HTTP Cookie<\/td>\n<td>-<\/td>\n<\/tr>\n<tr>\n<td>Statistics<\/td>\n<td>_gac_*<\/td>\n<td>.frogblue.com<\/td>\n<td>Google Analytics<\/td>\n<td>90 d\u00edas<\/td>\n<td>HTTP Cookie<\/td>\n<td>-<\/td>\n<\/tr>\n<tr>\n<td>Statistics<\/td>\n<td>_gat_gtag_*<\/td>\n<td>.frogblue.com<\/td>\n<td>Google Analytics<\/td>\n<td>1 minuto<\/td>\n<td>HTTP Cookie<\/td>\n<td>-<\/td>\n<\/tr>\n<\/tbody>\n<\/table>\n<p>La pol\u00edtica de cookies se actualiz\u00f3 por \u00faltima vez el n\/a.<\/p>\n","protected":false},"excerpt":{"rendered":"","protected":false},"author":1,"featured_media":0,"parent":0,"menu_order":5,"comment_status":"closed","ping_status":"closed","template":"page-normal-white.php","meta":{"_acf_changed":false,"footnotes":""},"class_list":["post-22488","page","type-page","status-publish","hentry"],"acf":[],"yoast_head":"<!-- This site is optimized with the Yoast SEO plugin v27.3 - https:\/\/yoast.com\/product\/yoast-seo-wordpress\/ -->\n<title>Cookie Policy (EU) | frogblue Smart Home Systems<\/title>\n<meta name=\"description\" content=\"Cookie Policy (EU) - Revolucionariamente sencillo, inal\u00e1mbrico y seguro\u2028.\" \/>\n<meta name=\"robots\" content=\"index, follow, max-snippet:-1, max-image-preview:large, max-video-preview:-1\" \/>\n<link rel=\"canonical\" href=\"https:\/\/www.frogblue.com\/es\/cookie-policy-eu\/\" \/>\n<meta property=\"og:locale\" content=\"es_ES\" \/>\n<meta property=\"og:type\" content=\"article\" \/>\n<meta property=\"og:title\" content=\"Cookie Policy (EU) | frogblue Smart Home Systems\" \/>\n<meta property=\"og:description\" content=\"Cookie Policy (EU) - Revolucionariamente sencillo, inal\u00e1mbrico y seguro\u2028.\" \/>\n<meta property=\"og:url\" content=\"https:\/\/www.frogblue.com\/es\/cookie-policy-eu\/\" \/>\n<meta property=\"og:site_name\" content=\"frogblue Smart Home Systems\" \/>\n<meta property=\"article:modified_time\" content=\"2025-06-04T14:52:57+00:00\" \/>\n<meta name=\"twitter:card\" content=\"summary_large_image\" \/>\n<script type=\"application\/ld+json\" class=\"yoast-schema-graph\">{\"@context\":\"https:\\\/\\\/schema.org\",\"@graph\":[{\"@type\":\"WebPage\",\"@id\":\"https:\\\/\\\/www.frogblue.com\\\/es\\\/cookie-policy-eu\\\/\",\"url\":\"https:\\\/\\\/www.frogblue.com\\\/es\\\/cookie-policy-eu\\\/\",\"name\":\"Cookie Policy (EU) | frogblue Smart Home Systems\",\"isPartOf\":{\"@id\":\"https:\\\/\\\/www.frogblue.com\\\/es\\\/#website\"},\"datePublished\":\"2021-07-22T19:21:05+00:00\",\"dateModified\":\"2025-06-04T14:52:57+00:00\",\"description\":\"Cookie Policy (EU) - Revolucionariamente sencillo, inal\u00e1mbrico y seguro\\u2028.\",\"breadcrumb\":{\"@id\":\"https:\\\/\\\/www.frogblue.com\\\/es\\\/cookie-policy-eu\\\/#breadcrumb\"},\"inLanguage\":\"es-ES\",\"potentialAction\":[{\"@type\":\"ReadAction\",\"target\":[\"https:\\\/\\\/www.frogblue.com\\\/es\\\/cookie-policy-eu\\\/\"]}]},{\"@type\":\"BreadcrumbList\",\"@id\":\"https:\\\/\\\/www.frogblue.com\\\/es\\\/cookie-policy-eu\\\/#breadcrumb\",\"itemListElement\":[{\"@type\":\"ListItem\",\"position\":1,\"name\":\"Startseite\",\"item\":\"https:\\\/\\\/www.frogblue.com\\\/es\\\/\"},{\"@type\":\"ListItem\",\"position\":2,\"name\":\"Cookie Policy (EU)\"}]},{\"@type\":\"WebSite\",\"@id\":\"https:\\\/\\\/www.frogblue.com\\\/es\\\/#website\",\"url\":\"https:\\\/\\\/www.frogblue.com\\\/es\\\/\",\"name\":\"frogblue Smart Home Systems\",\"description\":\"Smart Home &amp; Building Technology\",\"publisher\":{\"@id\":\"https:\\\/\\\/www.frogblue.com\\\/es\\\/#organization\"},\"potentialAction\":[{\"@type\":\"SearchAction\",\"target\":{\"@type\":\"EntryPoint\",\"urlTemplate\":\"https:\\\/\\\/www.frogblue.com\\\/es\\\/?s={search_term_string}\"},\"query-input\":{\"@type\":\"PropertyValueSpecification\",\"valueRequired\":true,\"valueName\":\"search_term_string\"}}],\"inLanguage\":\"es-ES\"},{\"@type\":\"Organization\",\"@id\":\"https:\\\/\\\/www.frogblue.com\\\/es\\\/#organization\",\"name\":\"Frogblue\",\"url\":\"https:\\\/\\\/www.frogblue.com\\\/es\\\/\",\"logo\":{\"@type\":\"ImageObject\",\"inLanguage\":\"es-ES\",\"@id\":\"https:\\\/\\\/www.frogblue.com\\\/es\\\/#\\\/schema\\\/logo\\\/image\\\/\",\"url\":\"https:\\\/\\\/www.frogblue.com\\\/wp-content\\\/uploads\\\/2021\\\/04\\\/frogblue.jpg\",\"contentUrl\":\"https:\\\/\\\/www.frogblue.com\\\/wp-content\\\/uploads\\\/2021\\\/04\\\/frogblue.jpg\",\"width\":225,\"height\":225,\"caption\":\"Frogblue\"},\"image\":{\"@id\":\"https:\\\/\\\/www.frogblue.com\\\/es\\\/#\\\/schema\\\/logo\\\/image\\\/\"}}]}<\/script>\n<!-- \/ Yoast SEO plugin. -->","yoast_head_json":{"title":"Cookie Policy (EU) | frogblue Smart Home Systems","description":"Cookie Policy (EU) - Revolucionariamente sencillo, inal\u00e1mbrico y seguro\u2028.","robots":{"index":"index","follow":"follow","max-snippet":"max-snippet:-1","max-image-preview":"max-image-preview:large","max-video-preview":"max-video-preview:-1"},"canonical":"https:\/\/www.frogblue.com\/es\/cookie-policy-eu\/","og_locale":"es_ES","og_type":"article","og_title":"Cookie Policy (EU) | frogblue Smart Home Systems","og_description":"Cookie Policy (EU) - Revolucionariamente sencillo, inal\u00e1mbrico y seguro\u2028.","og_url":"https:\/\/www.frogblue.com\/es\/cookie-policy-eu\/","og_site_name":"frogblue Smart Home Systems","article_modified_time":"2025-06-04T14:52:57+00:00","twitter_card":"summary_large_image","schema":{"@context":"https:\/\/schema.org","@graph":[{"@type":"WebPage","@id":"https:\/\/www.frogblue.com\/es\/cookie-policy-eu\/","url":"https:\/\/www.frogblue.com\/es\/cookie-policy-eu\/","name":"Cookie Policy (EU) | frogblue Smart Home Systems","isPartOf":{"@id":"https:\/\/www.frogblue.com\/es\/#website"},"datePublished":"2021-07-22T19:21:05+00:00","dateModified":"2025-06-04T14:52:57+00:00","description":"Cookie Policy (EU) - Revolucionariamente sencillo, inal\u00e1mbrico y seguro\u2028.","breadcrumb":{"@id":"https:\/\/www.frogblue.com\/es\/cookie-policy-eu\/#breadcrumb"},"inLanguage":"es-ES","potentialAction":[{"@type":"ReadAction","target":["https:\/\/www.frogblue.com\/es\/cookie-policy-eu\/"]}]},{"@type":"BreadcrumbList","@id":"https:\/\/www.frogblue.com\/es\/cookie-policy-eu\/#breadcrumb","itemListElement":[{"@type":"ListItem","position":1,"name":"Startseite","item":"https:\/\/www.frogblue.com\/es\/"},{"@type":"ListItem","position":2,"name":"Cookie Policy (EU)"}]},{"@type":"WebSite","@id":"https:\/\/www.frogblue.com\/es\/#website","url":"https:\/\/www.frogblue.com\/es\/","name":"frogblue Smart Home Systems","description":"Smart Home &amp; Building Technology","publisher":{"@id":"https:\/\/www.frogblue.com\/es\/#organization"},"potentialAction":[{"@type":"SearchAction","target":{"@type":"EntryPoint","urlTemplate":"https:\/\/www.frogblue.com\/es\/?s={search_term_string}"},"query-input":{"@type":"PropertyValueSpecification","valueRequired":true,"valueName":"search_term_string"}}],"inLanguage":"es-ES"},{"@type":"Organization","@id":"https:\/\/www.frogblue.com\/es\/#organization","name":"Frogblue","url":"https:\/\/www.frogblue.com\/es\/","logo":{"@type":"ImageObject","inLanguage":"es-ES","@id":"https:\/\/www.frogblue.com\/es\/#\/schema\/logo\/image\/","url":"https:\/\/www.frogblue.com\/wp-content\/uploads\/2021\/04\/frogblue.jpg","contentUrl":"https:\/\/www.frogblue.com\/wp-content\/uploads\/2021\/04\/frogblue.jpg","width":225,"height":225,"caption":"Frogblue"},"image":{"@id":"https:\/\/www.frogblue.com\/es\/#\/schema\/logo\/image\/"}}]}},"_links":{"self":[{"href":"https:\/\/www.frogblue.com\/es\/wp-json\/wp\/v2\/pages\/22488","targetHints":{"allow":["GET"]}}],"collection":[{"href":"https:\/\/www.frogblue.com\/es\/wp-json\/wp\/v2\/pages"}],"about":[{"href":"https:\/\/www.frogblue.com\/es\/wp-json\/wp\/v2\/types\/page"}],"author":[{"embeddable":true,"href":"https:\/\/www.frogblue.com\/es\/wp-json\/wp\/v2\/users\/1"}],"replies":[{"embeddable":true,"href":"https:\/\/www.frogblue.com\/es\/wp-json\/wp\/v2\/comments?post=22488"}],"version-history":[{"count":0,"href":"https:\/\/www.frogblue.com\/es\/wp-json\/wp\/v2\/pages\/22488\/revisions"}],"wp:attachment":[{"href":"https:\/\/www.frogblue.com\/es\/wp-json\/wp\/v2\/media?parent=22488"}],"curies":[{"name":"wp","href":"https:\/\/api.w.org\/{rel}","templated":true}]}}