{"id":31443,"date":"2022-09-20T12:06:45","date_gmt":"2022-09-20T10:06:45","guid":{"rendered":"https:\/\/www.frogblue.com\/landingpage-lightbuilding\/"},"modified":"2023-04-27T16:06:34","modified_gmt":"2023-04-27T14:06:34","slug":"landingpage-lightbuilding","status":"publish","type":"page","link":"https:\/\/www.frogblue.com\/de\/landingpage-lightbuilding\/","title":{"rendered":"Landingpage light+building"},"content":{"rendered":"<section class=\"customsection \">\n<div class=\"customgrid d-flex flex-column flex-md-row row grid align-items-center\">\n<div class=\"col-md customcol badge order-2 order-md-1 mb-md-0\">\n<div class=\"customcol_inner\">\n<h2><strong>Light + Building Highlight:<\/strong><br \/>\nSmart Home 100% Made in Germany<\/h2>\n<\/div>\n<\/div>\n<div class=\"col-md customcol order-1 order-md-2 mb-md-0\">\n<div class=\"customcol_inner\">\n<p><img loading=\"lazy\" decoding=\"async\" class=\"aligncenter wp-image-36541 size-full\" src=\"https:\/\/www.frogblue.com\/wp-content\/uploads\/2023\/04\/SmartHomeMesh-Schalter600x600.png\" alt=\"\" width=\"600\" height=\"600\" srcset=\"https:\/\/www.frogblue.com\/wp-content\/uploads\/2023\/04\/SmartHomeMesh-Schalter600x600.png 600w, https:\/\/www.frogblue.com\/wp-content\/uploads\/2023\/04\/SmartHomeMesh-Schalter600x600-300x300.png 300w, https:\/\/www.frogblue.com\/wp-content\/uploads\/2023\/04\/SmartHomeMesh-Schalter600x600-150x150.png 150w\" sizes=\"auto, (max-width: 600px) 100vw, 600px\" \/><\/p>\n<\/div>\n<\/div>\n<\/div>\n<\/section>\n<section class=\"customsection \">\n<div class=\"customgrid d-flex flex-column flex-md-row row grid\">\n<div class=\"col-md customcol \">\n<div class=\"customcol_inner\">\n<div class=\"customborderbox item\">\n<div class=\"customadditional_img>\n<div class=\"frame frame-default frame-type-shortcut frame-layout-0\">\n<div class=\"frame frame-ruler-before frame-type-text frame-layout-0\">\n<p><em>\u201eFrogblue ist seit Jahren der Pionier der drahtlosen und auf Bluetooth\u00ae basierenden Elektroinstallation. Wir haben das System der Zukunft entwickelt und sind die energiesparende Alternative zu teuren Kabeln und energiefressendem Schaltschrank. Frogblue passt zu jedem Schalterprogramm und wer m\u00f6chte, kann sogar mehrere Funktionen von einem normalen Lichttaster abrufen.<br \/>\nUnser gro\u00dfer Vorteil ist, dass zu Projektbeginn nur die Schalter- und Leuchtenpositionen festzulegen sind und die eigentlichen Schalterfunktionen, Wechselschaltungen und geb\u00e4udeweiten Aktionen erst im Nachhinein konfiguriert werden m\u00fcssen. Jede technikaffine Person kann das sogar selbst per App und ohne ein Kabel zu verlegen.&#8221;<\/em><\/p>\n<p>Dr. Ralf Hinkel,\u00a0Gru\u0308nder und CEO der frogblue<\/p><\/div>\n<\/div>\n<\/div>\n<\/div>\n<\/div>\n<\/div>\n<\/section>\n<section class=\"customsection \">\n<div class=\"customgrid d-flex flex-column flex-md-row row grid align-items-center\">\n<div class=\"col-md customcol badge order-1 order-md-2 mb-md-0\">\n<div class=\"customcol_inner\">\n<h2>Treffen Sie uns auf der Light+Building 2022<\/h2>\n<p>2. bis 6. Oktober 2022<br \/>\nHalle 9.0 Stand D 60<br \/>\nFrankfurt am Main<br \/>\n<a href=\"mailto:sales@frogblue.com?subject=frogblue%20%20%E2%80%A2%20%20Kostenlose%20Light%20+%20Building%202022%20Tageskarte&#038;body=Liebes%20frogblue%20Team,%0D%0A%0D%0Abitte%20senden%20Sie%20mir%20einen%20Gutscheincode%20zu.%20Vielen%20Dank!%0D%0A%0D%0AName%20des%20Unternehmens:%0D%0A%0D%0AFirmenandresse:%0D%0AStra%C3%9Fe,%20Nr.:%0D%0APLZ,%20Ort:%0D%0A%0D%0AVorname:%0D%0ANachname:%0D%0A%0D%0ATel.:%0D%0AE-Mail:\" class=\"frogbutton\"><span>Gutscheincode hier anfordern<\/span><\/a>\n<\/div>\n<\/div>\n<div class=\"col-md customcol order-2 order-md-1 mb-md-0\">\n<div class=\"customcol_inner\">\n<p><img loading=\"lazy\" decoding=\"async\" class=\"aligncenter wp-image-36554 size-full\" src=\"https:\/\/www.frogblue.com\/wp-content\/uploads\/2023\/04\/Kringelbild_Nov2011.png\" alt=\"\" width=\"2551\" height=\"3579\" srcset=\"https:\/\/www.frogblue.com\/wp-content\/uploads\/2023\/04\/Kringelbild_Nov2011.png 2551w, https:\/\/www.frogblue.com\/wp-content\/uploads\/2023\/04\/Kringelbild_Nov2011-214x300.png 214w, https:\/\/www.frogblue.com\/wp-content\/uploads\/2023\/04\/Kringelbild_Nov2011-730x1024.png 730w, https:\/\/www.frogblue.com\/wp-content\/uploads\/2023\/04\/Kringelbild_Nov2011-1095x1536.png 1095w, https:\/\/www.frogblue.com\/wp-content\/uploads\/2023\/04\/Kringelbild_Nov2011-1460x2048.png 1460w\" sizes=\"auto, (max-width: 2551px) 100vw, 2551px\" \/><\/p>\n<\/div>\n<\/div>\n<\/div>\n<\/section>\n<p>&nbsp;<\/p>\n<section class=\"customsection \">\n<div class=\"customgrid d-flex flex-column flex-md-row row grid\">\n<div class=\"col-md customcol \">\n<div class=\"customcol_inner\">\n<div class=\"customborderbox item\">\n<div class=\"customadditional_img>\n<div class=\"frame frame-default frame-type-shortcut frame-layout-0\">\n<div class=\"frame frame-ruler-before frame-type-text frame-layout-0\">\n<p>Frogblue bietet alles, was ein Haus oder Geb\u00e4ude k\u00f6nnen muss. Frogblue ist einfach zu installieren, ben\u00f6tigt keinen Schaltschrank, keinen Platz im Unterverteiler und keine wartungsintensive IT-Technik. Alle Informationen bleiben im Geb\u00e4ude und werden nur verschl\u00fcsselt \u00fcbertragen. Von einem frog bis zu Hunderten, frogblue ist jederzeit erweiterbar. Und die Qualit\u00e4t? 100% made in Germany. VDE zertifiziert.<\/p><\/div>\n<\/div>\n<div class=\"customborderbox_bgimg\" style=\"background-image:url(https:\/\/www.frogblue.com\/wp-content\/uploads\/2022\/04\/VDE.png);\"><\/div>\n<\/p><\/div>\n<\/div>\n<\/div>\n<\/div>\n<\/section>\n<p><img loading=\"lazy\" decoding=\"async\" class=\"alignnone wp-image-31464 size-full\" src=\"https:\/\/www.frogblue.com\/wp-content\/uploads\/2022\/09\/messestand-3.png\" alt=\"\" width=\"2000\" height=\"821\" srcset=\"https:\/\/www.frogblue.com\/wp-content\/uploads\/2022\/09\/messestand-3.png 2000w, https:\/\/www.frogblue.com\/wp-content\/uploads\/2022\/09\/messestand-3-300x123.png 300w, https:\/\/www.frogblue.com\/wp-content\/uploads\/2022\/09\/messestand-3-1024x420.png 1024w, https:\/\/www.frogblue.com\/wp-content\/uploads\/2022\/09\/messestand-3-1536x631.png 1536w\" sizes=\"auto, (max-width: 2000px) 100vw, 2000px\" \/><\/p>\n<p>&nbsp;<\/p>\n<section class=\"customsection \">\n<div class=\"customgrid d-flex flex-column flex-md-row row grid\">\n<div class=\"col-md customcol \">\n<div class=\"customcol_inner\">\n<div class=\"customborderbox item\">\n<div class=\"customadditional_img>\n<div class=\"frame frame-default frame-type-shortcut frame-layout-0\">\n<div class=\"frame frame-ruler-before frame-type-text frame-layout-0\">\n<h2>Die Vorteile<\/h2>\n<p>Mit minimalem Kabel- und Energieaufwand\u00a0verknu\u0308pfen wir drahtlos Leuchten, Jalousien, Lu\u0308fter,\u00a0Fenster, Tu\u0308ren, Heizung, Tu\u0308rsprechstellen und\u00a0normale Lichtschalter.\u00a0Unsere gro\u00dfen St\u00e4rken sind die Zuverl\u00e4ssigkeit und\u00a0Sicherheit eines seit Jahren erprobten Systems, das\u00a0nach der Installation per Software noch flexibel den\u00a0Anforderungen des Nutzers angepasst werden\u00a0kann.<\/p>\n<p>frogblue ist perfekt fu\u0308r Renovierungen und\u00a0reduziert die Kosten im Neubau. Die positive\u00a0Energiesparbilanz und die Minimierung der zu\u00a0verlegenden Kabel ist nachhaltig, schont die\u00a0Umwelt und spart Kosten.<\/p><\/div>\n<\/div>\n<\/div>\n<\/div>\n<\/div>\n<\/div>\n<\/section>\n<p>&nbsp;<\/p>\n<p><img loading=\"lazy\" decoding=\"async\" class=\"alignnone wp-image-24826 size-full\" src=\"https:\/\/www.frogblue.com\/wp-content\/uploads\/2021\/06\/csm_frogblue-wohnen_7fcc5ce638-1.jpg\" alt=\"\" width=\"1920\" height=\"1024\" srcset=\"https:\/\/www.frogblue.com\/wp-content\/uploads\/2021\/06\/csm_frogblue-wohnen_7fcc5ce638-1.jpg 1920w, https:\/\/www.frogblue.com\/wp-content\/uploads\/2021\/06\/csm_frogblue-wohnen_7fcc5ce638-1-300x160.jpg 300w, https:\/\/www.frogblue.com\/wp-content\/uploads\/2021\/06\/csm_frogblue-wohnen_7fcc5ce638-1-1024x546.jpg 1024w, https:\/\/www.frogblue.com\/wp-content\/uploads\/2021\/06\/csm_frogblue-wohnen_7fcc5ce638-1-1536x819.jpg 1536w\" sizes=\"auto, (max-width: 1920px) 100vw, 1920px\" \/><\/p>\n<p>&nbsp;<\/p>\n<section class=\"customsection \">\n<div class=\"customgrid d-flex flex-column flex-md-row row grid\">\n<div class=\"col-md customcol \">\n<div class=\"customcol_inner\">\n<div class=\"customborderbox item\">\n<div class=\"customadditional_img>\n<div class=\"frame frame-default frame-type-shortcut frame-layout-0\">\n<div class=\"frame frame-ruler-before frame-type-text frame-layout-0\">\n<h2>Invisible smart<\/h2>\n<p>Ein frogblue System kann nahezu unsichtbar\u00a0installiert werden, da alle Funktionen durch\u00a0handelsu\u0308bliche Lichttaster initiiert und dann drahtlos\u00a0u\u0308bertragen werden. Fu\u0308r den Nutzer unterscheidet\u00a0sich eine frogblue-Installation daher \u00e4usserlich nicht\u00a0wesentlich von einer traditionellen\u00a0Elektroinstallation.<\/p>\n<p>Wer m\u00f6chte, kann sein Schalterprogram an der\u00a0Wand behalten. Es muss nicht einmal ein Wanddisplay,\u00a0Smartphone, WLAN, Internet oder gar eine\u00a0Cloud integriert sein.<\/p>\n<p>Natu\u0308rlich kann auf Wunsch ein Geb\u00e4ude auch per\u00a0Smartphone oder Tablett von der Ferne bedient und\u00a0gewartet werden.<\/p><\/div>\n<\/div>\n<\/div>\n<\/div>\n<\/div>\n<\/div>\n<\/section>\n<section class=\"customsection \">\n<div class=\"customgrid d-flex flex-column flex-md-row row grid\">\n<div class=\"col-md customcol \">\n<div class=\"customcol_inner\"><!--- Section 5 default circle ----><\/p>\n<section class=\"col-1-1 default v-top max-pt-1\">\n<div class=\"grid\">\n<div class=\"item\">\n      <!-- mobile --><\/p>\n<div class=\"frog-controls text-center py-5 d-sm-none\">\n<div class=\"row mb-4\">\n<div class=\"col-6 mb-4\"><a href=\"https:\/\/www.frogblue.com\/de\/beleuchtung\/\"><img decoding=\"async\" class=\"pul\" src=\"https:\/\/www.frogblue.com\/wp-content\/themes\/fb-child_25\/i\/icons\/frogblue-beleuchtung_mobile.svg\" alt=\"Icon Beleuchtung, Szenen, Ambiente\"><br \/>Beleuchtung<br \/>Szenen<br \/>Ambiente<\/a><\/div>\n<div class=\"col-6 mb-4\"><a href=\"https:\/\/www.frogblue.com\/de\/zutritt-und-kommunikation\/\"><img decoding=\"async\" class=\"pul\" src=\"https:\/\/www.frogblue.com\/wp-content\/themes\/fb-child_25\/i\/icons\/frogblue-tueren-tore_mobile.svg\" alt=\"Icon T\u00fcren, Tore, Zutritt, Kommunikation\"><br \/>T\u00fcren<br \/>Tore<br \/>Zutritt<br \/>Intercom<\/a><\/div>\n<\/p><\/div>\n<div class=\"row mb-4\">\n<div class=\"col-6 mb-4\"><a href=\"https:\/\/www.frogblue.com\/de\/alarmanlage\/\"><img decoding=\"async\" class=\"pul\" src=\"https:\/\/www.frogblue.com\/wp-content\/themes\/fb-child_25\/i\/icons\/frogblue-alarmsysteme_mobile.svg\" alt=\"Icon Alarmsysteme, Kameraaufschaltung\"><br \/>Alarmsysteme<br \/>Kamera\u00adaufschaltung<\/a><\/div>\n<div class=\"col-6 mb-4\"><a href=\"https:\/\/www.frogblue.com\/de\/heizen\/\"><img decoding=\"async\" class=\"pul\" src=\"https:\/\/www.frogblue.com\/wp-content\/themes\/fb-child_25\/i\/icons\/frogblue-klima_mobile.svg\" alt=\"Icon L\u00fcftung, Klima\"><br \/>L\u00fcftung<br \/>Klimaanlage<\/a><\/div>\n<\/p><\/div>\n<div class=\"row\">\n<div class=\"col-6\"><a href=\"https:\/\/www.frogblue.com\/de\/verschattung\/\"><img decoding=\"async\" class=\"pul\" src=\"https:\/\/www.frogblue.com\/wp-content\/themes\/fb-child_25\/i\/icons\/frogblue-beschattung_mobile.svg\" alt=\"Icon Verschattung, Fensterkontakte\"><br \/>Verschattung<br \/>Fensterkontakte<\/a><\/div>\n<div class=\"col-6\"><a href=\"https:\/\/www.frogblue.com\/de\/heizen\/\"><img decoding=\"async\" class=\"pul\" src=\"https:\/\/www.frogblue.com\/wp-content\/themes\/fb-child_25\/i\/icons\/frogblue-heizung_mobile.svg\"><br \/>Heizen<br \/>K\u00fchlen<br \/>L\u00fcften<\/a><\/div>\n<\/p><\/div>\n<\/p><\/div>\n<p>      <!-- desktop --><\/p>\n<div class=\"frame frame-default frame-type-html frame-layout-0 d-none d-sm-block\">\n<div class=\"frog-controls\">\n<div class=\"circle-con\">\n<div class=\"puls first\">\n<div class=\"pos pos1\">Heizen<br \/>K\u00fchlen<br \/>L\u00fcften<a href=\"https:\/\/www.frogblue.com\/de\/heizen\/\"><br \/><img decoding=\"async\" class=\"pul\" src=\"https:\/\/www.frogblue.com\/wp-content\/themes\/fb-child_25\/i\/icons\/frogblue-heizung.svg\" alt=\"Icon Heizung, Raumregelung\"><br \/>\n                <\/a><\/div>\n<div class=\"pos pos2\">Beleuchtung<br \/>Szenen<br \/>Ambiente<a href=\"https:\/\/www.frogblue.com\/de\/beleuchtung\/\"><br \/><img decoding=\"async\" class=\"pul\" src=\"https:\/\/www.frogblue.com\/wp-content\/themes\/fb-child_25\/i\/icons\/frogblue-beleuchtung.svg\" alt=\"Icon Beleuchtung, Szenen, Ambiente\"><\/a><\/div>\n<div class=\"pos pos3\">T\u00fcren<br \/>Tore<br \/>Zutritt<br \/>Intercom<a href=\"https:\/\/www.frogblue.com\/de\/zutritt-und-kommunikation\/\"><br \/><img decoding=\"async\" class=\"pul\" src=\"https:\/\/www.frogblue.com\/wp-content\/themes\/fb-child_25\/i\/icons\/frogblue-tueren-tore.svg\" alt=\"Icon T\u00fcren, Tore, Zutritt, Kommunikation\"><\/a><\/div>\n<\/p><\/div>\n<div class=\"puls last\">\n<div class=\"pos pos4\"><a href=\"https:\/\/www.frogblue.com\/de\/verschattung\/\"><img decoding=\"async\" class=\"pul\" src=\"https:\/\/www.frogblue.com\/wp-content\/themes\/fb-child_25\/i\/icons\/frogblue-beschattung.svg\" alt=\"Icon Verschattung, Fensterkontakte\"><\/a>Verschattung<br \/>Fensterkontakte<\/div>\n<div class=\"pos pos5\"><a href=\"https:\/\/www.frogblue.com\/de\/heizen\/\"><img decoding=\"async\" class=\"pul\" src=\"https:\/\/www.frogblue.com\/wp-content\/themes\/fb-child_25\/i\/icons\/frogblue-klima.svg\" alt=\"Icon L\u00fcftung, Klima\"><\/a>                L\u00fcftung<br \/>Klimaanlage<\/div>\n<div class=\"pos pos6\"><a href=\"https:\/\/www.frogblue.com\/de\/alarmanlage\/\"><img decoding=\"async\" class=\"pul\" src=\"https:\/\/www.frogblue.com\/wp-content\/themes\/fb-child_25\/i\/icons\/frogblue-alarmsysteme.svg\" alt=\"Icon Alarmsysteme, Kameraaufschaltung\"><\/a>Alarmsysteme<br \/>Kamera\u00adaufschaltung<\/div>\n<\/p><\/div>\n<\/p><\/div>\n<\/p><\/div>\n<p>        <script>\n          \/\/ function element is i view var elIsInView = function(el) { var scroll = window.scrollY || window.pageYOffset var boundsTop = el.getBoundingClientRect().top + scroll var viewport = { top: scroll, bottom: scroll + window.innerHeight, } var bounds = { top: boundsTop, bottom: boundsTop + el.clientHeight, } return ( bounds.bottom >= viewport.top && bounds.bottom <= viewport.bottom ) || ( bounds.top <= viewport.bottom && bounds.top >= viewport.top ); }; document.addEventListener(\"DOMContentLoaded\", function(event){ \/\/ your code here var animationarr= anime({ targets: '.circle-con .puls .pos', backgroundColor: [ {value: \"rgba(255, 255, 255, 0.8)\", easing: 'easeOutSine', duration: 800}, {value:\"rgba(255, 255, 255, 0.0)\", easing: 'easeOutSine', duration: 800}, ], \/\/backgroundColor: \"rgba(145, 208, 35, 0.3)\", \/\/delay: anime.stagger(400, {grid: [3, 2], from: 'center'}) loop: true, delay: anime.stagger(4000, {start: 800}), }); var animbutton = document.querySelector('.pos.pos1'); var animbuttons = document.querySelectorAll('.circle-container .pos'); for (var i = 0; i < animbuttons.length; i++) { \/\/console.log(i); animbuttons[i].addEventListener('click', function(){ animationarr.play(); }); }; var handler = function() { if(elIsInView(animbutton) ) { animationarr.play(); }; }; window.addEventListener( 'scroll', handler ) }); \/\/ requestAnimationFrame const raf = window.requestAnimationFrame || window.webkitRequestAnimationFrame || window.mozRequestAnimationFrame || function( callback ) { window.setTimeout( callback, 1000 \/ 60 ) }\n        <\/script>\n      <\/div>\n<\/p><\/div>\n<\/p><\/div>\n<\/section>\n<\/div>\n<\/div>\n<\/div>\n<\/section>\n<p>&nbsp;<\/p>\n","protected":false},"excerpt":{"rendered":"<p>&nbsp; &nbsp; &nbsp; &nbsp; &nbsp;<\/p>\n","protected":false},"author":3,"featured_media":0,"parent":0,"menu_order":1,"comment_status":"closed","ping_status":"closed","template":"page-marketing_grid_clean.php","meta":{"_acf_changed":false,"footnotes":""},"class_list":["post-31443","page","type-page","status-publish","hentry"],"acf":[],"yoast_head":"<!-- This site is optimized with the Yoast SEO plugin v27.5 - https:\/\/yoast.com\/product\/yoast-seo-wordpress\/ -->\n<title>Landingpage light+building | frogblue Smart Home Systems<\/title>\n<meta name=\"description\" content=\"Landingpage light+building - Smart Home Solutions - 100 % Made in Germany.\" \/>\n<meta name=\"robots\" content=\"index, follow, max-snippet:-1, max-image-preview:large, max-video-preview:-1\" \/>\n<link rel=\"canonical\" href=\"https:\/\/www.frogblue.com\/de\/landingpage-lightbuilding\/\" \/>\n<meta property=\"og:locale\" content=\"de_DE\" \/>\n<meta property=\"og:type\" content=\"article\" \/>\n<meta property=\"og:title\" content=\"Landingpage light+building | frogblue Smart Home Systems\" \/>\n<meta property=\"og:description\" content=\"Landingpage light+building - Smart Home Solutions - 100 % Made in Germany.\" \/>\n<meta property=\"og:url\" content=\"https:\/\/www.frogblue.com\/de\/landingpage-lightbuilding\/\" \/>\n<meta property=\"og:site_name\" content=\"frogblue Smart Home Systems\" \/>\n<meta property=\"article:modified_time\" content=\"2023-04-27T14:06:34+00:00\" \/>\n<meta property=\"og:image\" content=\"https:\/\/www.frogblue.com\/wp-content\/uploads\/2023\/04\/SmartHomeMesh-Schalter600x600.png\" \/>\n<meta name=\"twitter:card\" content=\"summary_large_image\" \/>\n<script type=\"application\/ld+json\" class=\"yoast-schema-graph\">{\"@context\":\"https:\\\/\\\/schema.org\",\"@graph\":[{\"@type\":\"WebPage\",\"@id\":\"https:\\\/\\\/www.frogblue.com\\\/de\\\/landingpage-lightbuilding\\\/\",\"url\":\"https:\\\/\\\/www.frogblue.com\\\/de\\\/landingpage-lightbuilding\\\/\",\"name\":\"Landingpage light+building | frogblue Smart Home Systems\",\"isPartOf\":{\"@id\":\"https:\\\/\\\/www.frogblue.com\\\/de\\\/#website\"},\"primaryImageOfPage\":{\"@id\":\"https:\\\/\\\/www.frogblue.com\\\/de\\\/landingpage-lightbuilding\\\/#primaryimage\"},\"image\":{\"@id\":\"https:\\\/\\\/www.frogblue.com\\\/de\\\/landingpage-lightbuilding\\\/#primaryimage\"},\"thumbnailUrl\":\"https:\\\/\\\/www.frogblue.com\\\/wp-content\\\/uploads\\\/2023\\\/04\\\/SmartHomeMesh-Schalter600x600.png\",\"datePublished\":\"2022-09-20T10:06:45+00:00\",\"dateModified\":\"2023-04-27T14:06:34+00:00\",\"description\":\"Landingpage light+building - Smart Home Solutions - 100 % Made in Germany.\",\"breadcrumb\":{\"@id\":\"https:\\\/\\\/www.frogblue.com\\\/de\\\/landingpage-lightbuilding\\\/#breadcrumb\"},\"inLanguage\":\"de-DE\",\"potentialAction\":[{\"@type\":\"ReadAction\",\"target\":[\"https:\\\/\\\/www.frogblue.com\\\/de\\\/landingpage-lightbuilding\\\/\"]}]},{\"@type\":\"ImageObject\",\"inLanguage\":\"de-DE\",\"@id\":\"https:\\\/\\\/www.frogblue.com\\\/de\\\/landingpage-lightbuilding\\\/#primaryimage\",\"url\":\"https:\\\/\\\/www.frogblue.com\\\/wp-content\\\/uploads\\\/2023\\\/04\\\/SmartHomeMesh-Schalter600x600.png\",\"contentUrl\":\"https:\\\/\\\/www.frogblue.com\\\/wp-content\\\/uploads\\\/2023\\\/04\\\/SmartHomeMesh-Schalter600x600.png\"},{\"@type\":\"BreadcrumbList\",\"@id\":\"https:\\\/\\\/www.frogblue.com\\\/de\\\/landingpage-lightbuilding\\\/#breadcrumb\",\"itemListElement\":[{\"@type\":\"ListItem\",\"position\":1,\"name\":\"Startseite\",\"item\":\"https:\\\/\\\/www.frogblue.com\\\/de\\\/\"},{\"@type\":\"ListItem\",\"position\":2,\"name\":\"Landingpage light+building\"}]},{\"@type\":\"WebSite\",\"@id\":\"https:\\\/\\\/www.frogblue.com\\\/de\\\/#website\",\"url\":\"https:\\\/\\\/www.frogblue.com\\\/de\\\/\",\"name\":\"frogblue Smart Home Systems\",\"description\":\"Smart Home &amp; Building Technology\",\"publisher\":{\"@id\":\"https:\\\/\\\/www.frogblue.com\\\/de\\\/#organization\"},\"potentialAction\":[{\"@type\":\"SearchAction\",\"target\":{\"@type\":\"EntryPoint\",\"urlTemplate\":\"https:\\\/\\\/www.frogblue.com\\\/de\\\/?s={search_term_string}\"},\"query-input\":{\"@type\":\"PropertyValueSpecification\",\"valueRequired\":true,\"valueName\":\"search_term_string\"}}],\"inLanguage\":\"de-DE\"},{\"@type\":\"Organization\",\"@id\":\"https:\\\/\\\/www.frogblue.com\\\/de\\\/#organization\",\"name\":\"Frogblue\",\"url\":\"https:\\\/\\\/www.frogblue.com\\\/de\\\/\",\"logo\":{\"@type\":\"ImageObject\",\"inLanguage\":\"de-DE\",\"@id\":\"https:\\\/\\\/www.frogblue.com\\\/de\\\/#\\\/schema\\\/logo\\\/image\\\/\",\"url\":\"https:\\\/\\\/www.frogblue.com\\\/wp-content\\\/uploads\\\/2021\\\/04\\\/frogblue.jpg\",\"contentUrl\":\"https:\\\/\\\/www.frogblue.com\\\/wp-content\\\/uploads\\\/2021\\\/04\\\/frogblue.jpg\",\"width\":225,\"height\":225,\"caption\":\"Frogblue\"},\"image\":{\"@id\":\"https:\\\/\\\/www.frogblue.com\\\/de\\\/#\\\/schema\\\/logo\\\/image\\\/\"}}]}<\/script>\n<!-- \/ Yoast SEO plugin. -->","yoast_head_json":{"title":"Landingpage light+building | frogblue Smart Home Systems","description":"Landingpage light+building - Smart Home Solutions - 100 % Made in Germany.","robots":{"index":"index","follow":"follow","max-snippet":"max-snippet:-1","max-image-preview":"max-image-preview:large","max-video-preview":"max-video-preview:-1"},"canonical":"https:\/\/www.frogblue.com\/de\/landingpage-lightbuilding\/","og_locale":"de_DE","og_type":"article","og_title":"Landingpage light+building | frogblue Smart Home Systems","og_description":"Landingpage light+building - Smart Home Solutions - 100 % Made in Germany.","og_url":"https:\/\/www.frogblue.com\/de\/landingpage-lightbuilding\/","og_site_name":"frogblue Smart Home Systems","article_modified_time":"2023-04-27T14:06:34+00:00","og_image":[{"url":"https:\/\/www.frogblue.com\/wp-content\/uploads\/2023\/04\/SmartHomeMesh-Schalter600x600.png","type":"","width":"","height":""}],"twitter_card":"summary_large_image","schema":{"@context":"https:\/\/schema.org","@graph":[{"@type":"WebPage","@id":"https:\/\/www.frogblue.com\/de\/landingpage-lightbuilding\/","url":"https:\/\/www.frogblue.com\/de\/landingpage-lightbuilding\/","name":"Landingpage light+building | frogblue Smart Home Systems","isPartOf":{"@id":"https:\/\/www.frogblue.com\/de\/#website"},"primaryImageOfPage":{"@id":"https:\/\/www.frogblue.com\/de\/landingpage-lightbuilding\/#primaryimage"},"image":{"@id":"https:\/\/www.frogblue.com\/de\/landingpage-lightbuilding\/#primaryimage"},"thumbnailUrl":"https:\/\/www.frogblue.com\/wp-content\/uploads\/2023\/04\/SmartHomeMesh-Schalter600x600.png","datePublished":"2022-09-20T10:06:45+00:00","dateModified":"2023-04-27T14:06:34+00:00","description":"Landingpage light+building - Smart Home Solutions - 100 % Made in Germany.","breadcrumb":{"@id":"https:\/\/www.frogblue.com\/de\/landingpage-lightbuilding\/#breadcrumb"},"inLanguage":"de-DE","potentialAction":[{"@type":"ReadAction","target":["https:\/\/www.frogblue.com\/de\/landingpage-lightbuilding\/"]}]},{"@type":"ImageObject","inLanguage":"de-DE","@id":"https:\/\/www.frogblue.com\/de\/landingpage-lightbuilding\/#primaryimage","url":"https:\/\/www.frogblue.com\/wp-content\/uploads\/2023\/04\/SmartHomeMesh-Schalter600x600.png","contentUrl":"https:\/\/www.frogblue.com\/wp-content\/uploads\/2023\/04\/SmartHomeMesh-Schalter600x600.png"},{"@type":"BreadcrumbList","@id":"https:\/\/www.frogblue.com\/de\/landingpage-lightbuilding\/#breadcrumb","itemListElement":[{"@type":"ListItem","position":1,"name":"Startseite","item":"https:\/\/www.frogblue.com\/de\/"},{"@type":"ListItem","position":2,"name":"Landingpage light+building"}]},{"@type":"WebSite","@id":"https:\/\/www.frogblue.com\/de\/#website","url":"https:\/\/www.frogblue.com\/de\/","name":"frogblue Smart Home Systems","description":"Smart Home &amp; Building Technology","publisher":{"@id":"https:\/\/www.frogblue.com\/de\/#organization"},"potentialAction":[{"@type":"SearchAction","target":{"@type":"EntryPoint","urlTemplate":"https:\/\/www.frogblue.com\/de\/?s={search_term_string}"},"query-input":{"@type":"PropertyValueSpecification","valueRequired":true,"valueName":"search_term_string"}}],"inLanguage":"de-DE"},{"@type":"Organization","@id":"https:\/\/www.frogblue.com\/de\/#organization","name":"Frogblue","url":"https:\/\/www.frogblue.com\/de\/","logo":{"@type":"ImageObject","inLanguage":"de-DE","@id":"https:\/\/www.frogblue.com\/de\/#\/schema\/logo\/image\/","url":"https:\/\/www.frogblue.com\/wp-content\/uploads\/2021\/04\/frogblue.jpg","contentUrl":"https:\/\/www.frogblue.com\/wp-content\/uploads\/2021\/04\/frogblue.jpg","width":225,"height":225,"caption":"Frogblue"},"image":{"@id":"https:\/\/www.frogblue.com\/de\/#\/schema\/logo\/image\/"}}]}},"_links":{"self":[{"href":"https:\/\/www.frogblue.com\/de\/wp-json\/wp\/v2\/pages\/31443","targetHints":{"allow":["GET"]}}],"collection":[{"href":"https:\/\/www.frogblue.com\/de\/wp-json\/wp\/v2\/pages"}],"about":[{"href":"https:\/\/www.frogblue.com\/de\/wp-json\/wp\/v2\/types\/page"}],"author":[{"embeddable":true,"href":"https:\/\/www.frogblue.com\/de\/wp-json\/wp\/v2\/users\/3"}],"replies":[{"embeddable":true,"href":"https:\/\/www.frogblue.com\/de\/wp-json\/wp\/v2\/comments?post=31443"}],"version-history":[{"count":0,"href":"https:\/\/www.frogblue.com\/de\/wp-json\/wp\/v2\/pages\/31443\/revisions"}],"wp:attachment":[{"href":"https:\/\/www.frogblue.com\/de\/wp-json\/wp\/v2\/media?parent=31443"}],"curies":[{"name":"wp","href":"https:\/\/api.w.org\/{rel}","templated":true}]}}