{"id":13198,"date":"2021-02-03T22:23:11","date_gmt":"2021-02-03T21:23:11","guid":{"rendered":"https:\/\/www.frogblue.com\/wp-test\/legal-information-provider-identification\/"},"modified":"2025-06-12T10:36:36","modified_gmt":"2025-06-12T08:36:36","slug":"impressum","status":"publish","type":"page","link":"https:\/\/www.frogblue.com\/de\/impressum\/","title":{"rendered":"Impressum"},"content":{"rendered":"<section class=\"cols-2 whitebox pt-0\">\n<div class=\"grid\">\n<div class=\"item \">\n<p>Anbieter und Verantwortlicher f\u00fcr das Online-Angebot ist die fb Vertriebs AG, vertreten durch den Vorstand Dr. Ralf Hinkel.<\/p>\n<p>Informationen im Sinne des \u00a7 2 Abs. 1 der Dienstleistungs-Informationspflichten-Verordnung (DL-InfoV)<\/p>\n<p><strong>Diese Website enth\u00e4lt Informationen, die bereitgestellt wurden von<\/strong><br \/>\nfb Vertriebs AG<br \/>\nLuxemburger Stra\u00dfe 6<br \/>\n67657 Kaiserslautern<br \/>\nGermany<\/p>\n<p>E-Mail: <a title=\"info(at)frogblue.com\" href=\"mailto:info@frogblue.com\">info(at)frogblue.com<\/a><br \/>\nWeb:\u00a0<a href=\"http:\/\/www.frogblue.com\/\" target=\"_blank\" rel=\"noopener\">www.frogblue.com<\/a><\/p>\n<p>Telefon: +49 631 520829-0<br \/>\nFax: +49 631 520829-190<\/p>\n<\/div>\n<div class=\"item \">\n<p><strong>Sitz der fb Vertriebs AG:<\/strong><br \/>\n67657 Kaiserslautern, Germany<br \/>\nAmtsgereicht Kaiserslautern, HRB 32839<br \/>\nRechtsform: Aktiengesellschaft (AG)<\/p>\n<p><strong>Anwendbares Recht:<\/strong><br \/>\nRecht der Bundesrepublik Deutschland (BRD)<\/p>\n<p><strong>Finanzamt Kaiserslautern<\/strong><br \/>\n<strong>Umsatzsteuer-ID-Nr.:<\/strong><br \/>\nDE312235019<\/p>\n<p><strong>Vertretungsberechtigte Vorstandsmitglieder:<\/strong><br \/>\nDr. Ralf Hinkel (CEO)<br \/>\nChristian Heller (CSO)<span class=\"Apple-converted-space\">\u00a0<\/span><\/p>\n<p><strong>Aufsichtsrat:<\/strong><br \/>\nWilli A. Fallot-Burghardt (Vorsitzender),<br \/>\nSabine Hinkel,<br \/>\nMichael Schlecht<\/p>\n<p>&nbsp;<\/p>\n<\/div>\n<\/div>\n<\/section>\n<section class=\"cols-2 default\">\n<div class=\"grid\">\n<div class=\"item \">\n<p><strong>Allgemeine Gesch\u00e4ftsbedingungen:<\/strong><br \/>\n<a href=\"https:\/\/www.frogblue.com\/de\/agb\/\" target=\"_blank\" rel=\"noopener\">AGBs<\/a> der fb Vertriebs AG.<\/p>\n<p><strong>Zust\u00e4ndige Kammer:<\/strong><br \/>\nIndustrie- und Handelskammer Pfalz<br \/>\nLudwigspl. 2, 67059 Ludwigshafen am Rhein, Deutschland<br \/>\nTelefon: +49 621 59040<br \/>\nE-Mail: <a href=\"mailto:service@pfalz.ihk24.de\">service(at)pfalz.ihk24.de<\/a><br \/>\nWeb:\u00a0<a href=\"https:\/\/www.pfalz.ihk24.de\/\" target=\"_blank\" rel=\"noopener\">https:\/\/www.pfalz.ihk24.de\/<\/a><\/p>\n<p><strong>Betriebshaftpflichtversicherung:<\/strong><br \/>\nW\u00fcrttembergische Versicherung AG<br \/>\nGutenbergstra\u00dfe 30<br \/>\n70176 Stuttgart<br \/>\nDeutschland<\/p>\n<p><strong>Informationen zur Online-Streitbeilegung gem\u00e4\u00df Art. 14 Abs. 1 ODR-Richtlinie:<\/strong><br \/>\nDie EU-Kommission stellt eine Plattform zur Online-Streitbeilegung (OS) bereit, die Sie unter https:\/\/ec.europa.eu\/consumers\/odr finden. Die OS-Plattform dient als Anlaufstelle zur au\u00dfergerichtlichen Beilegung von Streitigkeiten \u00fcber vertragliche Verpflichtungen, die sich aus Online-Transaktionen ergeben.<\/p>\n<p>Wir sind weder verpflichtet noch bereit, an einem Streitbeilegungsverfahren vor einer Schlichtungsstelle teilzunehmen.<\/p>\n<\/div>\n<div class=\"item \">\n<p><strong>Technische und konzeptionelle Betreuung dieser Website:<\/strong><br \/>\nPrinzip GmbH, Tumblinger Str., D-80337 M\u00fcnchen, Telefon: +49 89 59068424, E-Mail: <a href=\"mailto:info@prinzip.tv\">info@prinzip.tv<\/a><\/p>\n<p><strong>Gegenstand des Unternehmens der fb Vertriebs AG:<\/strong><br \/>\nEntwicklung, Vertrieb und Produktion von intelligenter Geb\u00e4udetechnik<\/p>\n<p><strong>Preisinformation gem\u00e4\u00df \u00a7 4 Dienstleistungs-Informationspflichten-Verordnung (DL-InfoV) und Preisangabenverordnung (PAngV):<\/strong><br \/>\nInformationen zu den Preisen finden Sie auf der Website der fb Vertriebs AG. Die fb Vertriebs AG unterbreitet Ihnen gerne ein Angebot.<\/p>\n<p><strong>Haftung:<\/strong><br \/>\nDie fb Vertriebs AG kann diese Website nach eigenem Ermessen und ohne \u00dcbernahme einer Haftung jederzeit ohne Ank\u00fcndigung ganz oder teilweise ver\u00e4ndern oder deren Betrieb einstellen. Durch das Setzen eines Links zu fremden Websites (&#8220;Hyperlinks&#8221;) macht sich die fb Vertriebs AG weder diese Website noch deren Inhalt zu eigen. Die fb Vertriebs AG ist ferner nicht verantwortlich f\u00fcr die Verf\u00fcgbarkeit oder den Inhalt dieser Websites.<\/p>\n<\/div>\n<\/div>\n<\/section>\n<section class=\"cols-2 whitebox\">\n<div class=\"grid\">\n<div class=\"item \">\n<p><strong>Elektro- und Elektronik-Altger\u00e4te (WEEE):<\/strong><br \/>\nWEEE-Reg.Nr: DE93714249<\/p>\n<p><strong>Batterierichtlinie:<\/strong><br \/>\nInformationen zur R\u00fcckgabe von Batterien nach Artikel 12 der Batterierichtlinie:<\/p>\n<p>Im Zusammenhang mit dem Verkauf von Batterien oder Akkumulatoren oder mit der Lieferung von Ger\u00e4ten, die Batterien oder Akkumulatoren enthalten, ist die fb Vertriebs AG verpflichtet, den Nutzer gem\u00e4\u00df der Batterierichtlinie auf Folgendes hinzuweisen:<\/p>\n<p>Batterien d\u00fcrfen nicht \u00fcber den Hausm\u00fcll entsorgt werden. Der Nutzer ist als Endverbraucher gesetzlich verpflichtet, gebrauchte Batterien zur\u00fcckzugeben. Der Nutzer kann Batterien nach Gebrauch in der Verkaufsstelle oder in deren N\u00e4he (z.B. bei kommunalen Sammelstellen oder im \u00f6rtlichen Handel) unentgeltlich zur\u00fcckgeben. Der Nutzer kann die Batterien auch auf dem Postweg zur\u00fcckgeben. F\u00fcr die R\u00fcckgabe kann sich der Nutzer an den Installateur wenden.<\/p>\n<p>Batterien oder Akkumulatoren, die Schadstoffe enthalten, sind mit dem Symbol der durchgestrichenen M\u00fclltonne gekennzeichnet. Die chemische Bezeichnung des Schadstoffs ist neben dem M\u00fclltonnensymbol angegeben. Zur Erl\u00e4uterung: Cd steht f\u00fcr Cadmium, Pb f\u00fcr Blei und Hg f\u00fcr Quecksilber.<\/p>\n<\/div>\n<div class=\"item \">\n<p><strong>\u00a9 Copyright:<\/strong><br \/>\nAlle Rechte vorbehalten. Text, Bilder und Grafiken sowie deren Anordnung auf der Website unterliegen dem Schutz des Urheberrechts und anderer Schutzgesetze. Der Inhalt dieser Websites darf nicht zu kommerziellen Zwecken kopiert, verbreitet, ver\u00e4ndert oder Dritten zug\u00e4nglich gemacht werden.<\/p>\n<p><strong>Hinweis: Allgemeines Gleichbehandlungsgesetz (AGG):<\/strong><br \/>\nUm die Lesbarkeit der Website zu verbessern, wird nicht zwischen m\u00e4nnlich und weiblich unterschieden. Die verwendeten Begriffe implizieren automatisch die Gleichbehandlung von Mann und Frau.<\/p>\n<p><strong>Diese rechtlichen Hinweise wurden verfasst von:<\/strong><br \/>\nBundesdatenschutzamt M\u00fcnchen \u2013 <a href=\"http:\/\/www.deutsche-datenschutzkanzlei.de\/\" target=\"_blank\" rel=\"noopener\">www.deutsche-datenschutzkanzlei.de<\/a><\/p>\n<\/div>\n<\/div>\n<\/section>\n<section class=\"cols-2 default\">\n<div class=\"grid\">\n<div class=\"item \">\n<h3>Haftungsausschluss:<\/h3>\n<p>Diese Website wird von der fb Vertriebs AG betrieben; die fb Vertriebs AG beh\u00e4lt sich s\u00e4mtliche Rechte an der Website vor. Die fb Vertriebs AG haftet nicht f\u00fcr indirekte, direkte, zuf\u00e4llige Sch\u00e4den oder Folgesch\u00e4den, die sich aus der Nutzung dieser Website ergeben. Alle auf der Website ver\u00f6ffentlichten Informationen werden von der fb Vertriebs AG nach bestem Wissen zur Verf\u00fcgung gestellt. All diese Informationen begr\u00fcnden jedoch soweit gesetzlich zul\u00e4ssig, weder eine Garantie noch eine Zusage oder Haftung seitens der fb Vertriebs AG.<\/p><\/div>\n<div class=\"item \">\nDie fb Vertriebs AG kann diese Website nach eigenem Ermessen und ohne \u00dcbernahme einer Haftung jederzeit ohne Ank\u00fcndigung ganz oder teilweise ver\u00e4ndern oder deren Betrieb einstellen. Durch das Setzen eines Links zu fremden Websites (\u201eHyperlinks\u201c) macht sich die fb Vertriebs AG weder diese Website noch deren Inhalt zu eigen. Die fb Vertriebs AG ist auch nicht verantwortlich f\u00fcr die Verf\u00fcgbarkeit oder den Inhalt dieser Websites Dritter.<\/div>\n<\/div>\n<\/section>\n","protected":false},"excerpt":{"rendered":"","protected":false},"author":1,"featured_media":0,"parent":0,"menu_order":143,"comment_status":"closed","ping_status":"closed","template":"","meta":{"_acf_changed":false,"footnotes":""},"class_list":["post-13198","page","type-page","status-publish","hentry"],"acf":[],"yoast_head":"<!-- This site is optimized with the Yoast SEO plugin v27.3 - https:\/\/yoast.com\/product\/yoast-seo-wordpress\/ -->\n<title>Impressum | frogblue Smart Home Systems<\/title>\n<meta name=\"description\" content=\"Impressum - Smart Home Solutions - 100 % Made in Germany.\" \/>\n<meta name=\"robots\" content=\"index, follow, max-snippet:-1, max-image-preview:large, max-video-preview:-1\" \/>\n<link rel=\"canonical\" href=\"https:\/\/www.frogblue.com\/de\/impressum\/\" \/>\n<meta property=\"og:locale\" content=\"de_DE\" \/>\n<meta property=\"og:type\" content=\"article\" \/>\n<meta property=\"og:title\" content=\"Impressum | frogblue Smart Home Systems\" \/>\n<meta property=\"og:description\" content=\"Impressum - Smart Home Solutions - 100 % Made in Germany.\" \/>\n<meta property=\"og:url\" content=\"https:\/\/www.frogblue.com\/de\/impressum\/\" \/>\n<meta property=\"og:site_name\" content=\"frogblue Smart Home Systems\" \/>\n<meta property=\"article:modified_time\" content=\"2025-06-12T08:36:36+00:00\" \/>\n<meta name=\"twitter:card\" content=\"summary_large_image\" \/>\n<script type=\"application\/ld+json\" class=\"yoast-schema-graph\">{\"@context\":\"https:\\\/\\\/schema.org\",\"@graph\":[{\"@type\":\"WebPage\",\"@id\":\"https:\\\/\\\/www.frogblue.com\\\/de\\\/impressum\\\/\",\"url\":\"https:\\\/\\\/www.frogblue.com\\\/de\\\/impressum\\\/\",\"name\":\"Impressum | frogblue Smart Home Systems\",\"isPartOf\":{\"@id\":\"https:\\\/\\\/www.frogblue.com\\\/de\\\/#website\"},\"datePublished\":\"2021-02-03T21:23:11+00:00\",\"dateModified\":\"2025-06-12T08:36:36+00:00\",\"description\":\"Impressum - Smart Home Solutions - 100 % Made in Germany.\",\"breadcrumb\":{\"@id\":\"https:\\\/\\\/www.frogblue.com\\\/de\\\/impressum\\\/#breadcrumb\"},\"inLanguage\":\"de-DE\",\"potentialAction\":[{\"@type\":\"ReadAction\",\"target\":[\"https:\\\/\\\/www.frogblue.com\\\/de\\\/impressum\\\/\"]}]},{\"@type\":\"BreadcrumbList\",\"@id\":\"https:\\\/\\\/www.frogblue.com\\\/de\\\/impressum\\\/#breadcrumb\",\"itemListElement\":[{\"@type\":\"ListItem\",\"position\":1,\"name\":\"Startseite\",\"item\":\"https:\\\/\\\/www.frogblue.com\\\/de\\\/\"},{\"@type\":\"ListItem\",\"position\":2,\"name\":\"Impressum\"}]},{\"@type\":\"WebSite\",\"@id\":\"https:\\\/\\\/www.frogblue.com\\\/de\\\/#website\",\"url\":\"https:\\\/\\\/www.frogblue.com\\\/de\\\/\",\"name\":\"frogblue Smart Home Systems\",\"description\":\"Smart Home &amp; Building Technology\",\"publisher\":{\"@id\":\"https:\\\/\\\/www.frogblue.com\\\/de\\\/#organization\"},\"potentialAction\":[{\"@type\":\"SearchAction\",\"target\":{\"@type\":\"EntryPoint\",\"urlTemplate\":\"https:\\\/\\\/www.frogblue.com\\\/de\\\/?s={search_term_string}\"},\"query-input\":{\"@type\":\"PropertyValueSpecification\",\"valueRequired\":true,\"valueName\":\"search_term_string\"}}],\"inLanguage\":\"de-DE\"},{\"@type\":\"Organization\",\"@id\":\"https:\\\/\\\/www.frogblue.com\\\/de\\\/#organization\",\"name\":\"Frogblue\",\"url\":\"https:\\\/\\\/www.frogblue.com\\\/de\\\/\",\"logo\":{\"@type\":\"ImageObject\",\"inLanguage\":\"de-DE\",\"@id\":\"https:\\\/\\\/www.frogblue.com\\\/de\\\/#\\\/schema\\\/logo\\\/image\\\/\",\"url\":\"https:\\\/\\\/www.frogblue.com\\\/wp-content\\\/uploads\\\/2021\\\/04\\\/frogblue.jpg\",\"contentUrl\":\"https:\\\/\\\/www.frogblue.com\\\/wp-content\\\/uploads\\\/2021\\\/04\\\/frogblue.jpg\",\"width\":225,\"height\":225,\"caption\":\"Frogblue\"},\"image\":{\"@id\":\"https:\\\/\\\/www.frogblue.com\\\/de\\\/#\\\/schema\\\/logo\\\/image\\\/\"}}]}<\/script>\n<!-- \/ Yoast SEO plugin. -->","yoast_head_json":{"title":"Impressum | frogblue Smart Home Systems","description":"Impressum - Smart Home Solutions - 100 % Made in Germany.","robots":{"index":"index","follow":"follow","max-snippet":"max-snippet:-1","max-image-preview":"max-image-preview:large","max-video-preview":"max-video-preview:-1"},"canonical":"https:\/\/www.frogblue.com\/de\/impressum\/","og_locale":"de_DE","og_type":"article","og_title":"Impressum | frogblue Smart Home Systems","og_description":"Impressum - Smart Home Solutions - 100 % Made in Germany.","og_url":"https:\/\/www.frogblue.com\/de\/impressum\/","og_site_name":"frogblue Smart Home Systems","article_modified_time":"2025-06-12T08:36:36+00:00","twitter_card":"summary_large_image","schema":{"@context":"https:\/\/schema.org","@graph":[{"@type":"WebPage","@id":"https:\/\/www.frogblue.com\/de\/impressum\/","url":"https:\/\/www.frogblue.com\/de\/impressum\/","name":"Impressum | frogblue Smart Home Systems","isPartOf":{"@id":"https:\/\/www.frogblue.com\/de\/#website"},"datePublished":"2021-02-03T21:23:11+00:00","dateModified":"2025-06-12T08:36:36+00:00","description":"Impressum - Smart Home Solutions - 100 % Made in Germany.","breadcrumb":{"@id":"https:\/\/www.frogblue.com\/de\/impressum\/#breadcrumb"},"inLanguage":"de-DE","potentialAction":[{"@type":"ReadAction","target":["https:\/\/www.frogblue.com\/de\/impressum\/"]}]},{"@type":"BreadcrumbList","@id":"https:\/\/www.frogblue.com\/de\/impressum\/#breadcrumb","itemListElement":[{"@type":"ListItem","position":1,"name":"Startseite","item":"https:\/\/www.frogblue.com\/de\/"},{"@type":"ListItem","position":2,"name":"Impressum"}]},{"@type":"WebSite","@id":"https:\/\/www.frogblue.com\/de\/#website","url":"https:\/\/www.frogblue.com\/de\/","name":"frogblue Smart Home Systems","description":"Smart Home &amp; Building Technology","publisher":{"@id":"https:\/\/www.frogblue.com\/de\/#organization"},"potentialAction":[{"@type":"SearchAction","target":{"@type":"EntryPoint","urlTemplate":"https:\/\/www.frogblue.com\/de\/?s={search_term_string}"},"query-input":{"@type":"PropertyValueSpecification","valueRequired":true,"valueName":"search_term_string"}}],"inLanguage":"de-DE"},{"@type":"Organization","@id":"https:\/\/www.frogblue.com\/de\/#organization","name":"Frogblue","url":"https:\/\/www.frogblue.com\/de\/","logo":{"@type":"ImageObject","inLanguage":"de-DE","@id":"https:\/\/www.frogblue.com\/de\/#\/schema\/logo\/image\/","url":"https:\/\/www.frogblue.com\/wp-content\/uploads\/2021\/04\/frogblue.jpg","contentUrl":"https:\/\/www.frogblue.com\/wp-content\/uploads\/2021\/04\/frogblue.jpg","width":225,"height":225,"caption":"Frogblue"},"image":{"@id":"https:\/\/www.frogblue.com\/de\/#\/schema\/logo\/image\/"}}]}},"_links":{"self":[{"href":"https:\/\/www.frogblue.com\/de\/wp-json\/wp\/v2\/pages\/13198","targetHints":{"allow":["GET"]}}],"collection":[{"href":"https:\/\/www.frogblue.com\/de\/wp-json\/wp\/v2\/pages"}],"about":[{"href":"https:\/\/www.frogblue.com\/de\/wp-json\/wp\/v2\/types\/page"}],"author":[{"embeddable":true,"href":"https:\/\/www.frogblue.com\/de\/wp-json\/wp\/v2\/users\/1"}],"replies":[{"embeddable":true,"href":"https:\/\/www.frogblue.com\/de\/wp-json\/wp\/v2\/comments?post=13198"}],"version-history":[{"count":0,"href":"https:\/\/www.frogblue.com\/de\/wp-json\/wp\/v2\/pages\/13198\/revisions"}],"wp:attachment":[{"href":"https:\/\/www.frogblue.com\/de\/wp-json\/wp\/v2\/media?parent=13198"}],"curies":[{"name":"wp","href":"https:\/\/api.w.org\/{rel}","templated":true}]}}