{"id":45744,"date":"2025-06-04T16:48:26","date_gmt":"2025-06-04T14:48:26","guid":{"rendered":"https:\/\/www.frogblue.com\/cookiepolitik\/"},"modified":"2025-06-04T16:48:26","modified_gmt":"2025-06-04T14:48:26","slug":"cookiepolitik","status":"publish","type":"page","link":"https:\/\/www.frogblue.com\/da\/cookiepolitik\/","title":{"rendered":"Cookiepolitik"},"content":{"rendered":"<p>Med denne cookiepolitik vil vi gerne forklare, hvad cookies og cookielignende teknologier er, hvordan vi og andre tjenesteudbydere bruger dem p\u00e5 denne hjemmeside, hvilke oplysninger de indsamler, hvor l\u00e6nge og til hvilke form\u00e5l vi bruger dem.<\/p>\n<h2>Indholdsfortegnelse<\/h2>\n<ul>\n<li><a href=\"#diff-to-privacy-policy\">Tilf\u00f8jelse til privatlivspolitikken<\/a><\/li>\n<li><a href=\"#cookie-technology\">Hvad er cookies og lignende teknologier?<\/a><\/li>\n<li><a href=\"#legal-basis\">Hvad er det juridiske grundlag for at indstille\/l\u00e6se cookies?<\/a><\/li>\n<li><a href=\"#rights-of-visitor\">Hvilke rettigheder har den bes\u00f8gende p\u00e5 hjemmesiden?<\/a><\/li>\n<li><a href=\"#manage-cookies\">Hvordan h\u00e5ndterer man cookies i en browser?<\/a><\/li>\n<li><a href=\"#types-of-cookies\">Hvilke typer cookies findes der?<\/a><\/li>\n<li><a href=\"#cookies-origin\">Hvem kan indstille cookies p\u00e5 denne hjemmeside?<\/a><\/li>\n<li><a href=\"#list-of-services\">Hvilke cookies bruges p\u00e5 denne hjemmeside?<\/a><\/li>\n<\/ul>\n<h2 id=\"diff-to-privacy-policy\">Tilf\u00f8jelse til privatlivspolitikken<\/h2>\n<p>Denne cookiepolitik er et supplement til denne hjemmesides <a href=\"https:\/\/www.frogblue.com\/da\/data-protection\/\" target=\"_blank\">privatlivspolitik<\/a>. Cookiepolitikken specificerer, hvordan en hjemmeside bruger cookies, og hvilke data den indsamler gennem dem, mens privatlivspolitikken er en mere omfattende oversigt over alle databehandlingsaktiviteter p\u00e5 hjemmesiden og derudover.<\/p>\n<h2 id=\"cookie-technology\">Hvad er cookies og lignende teknologier?<\/h2>\n<p>Cookies er sm\u00e5 stykker information, der ligner tekstfiler, som kan gemmes og l\u00e6ses p\u00e5 slutenheden. De tjener forskellige form\u00e5l, herunder opretholdelse af grundl\u00e6ggende funktioner p\u00e5 hjemmesiden, sikkerhed og privatliv, levering af valgfrie funktioner p\u00e5 hjemmesiden, indsamling af statistiske data om bes\u00f8gsstr\u00f8mme og levering af markedsf\u00f8ringssystemer. Praktiske eksempler p\u00e5, hvad der kan gemmes i cookies, er lagring af login-status p\u00e5 brugerkonti, indholdet af indk\u00f8bskurve p\u00e5 e-handelsplatforme eller et bruger-id til sporing af adf\u00e6rd p\u00e5 hjemmesiden.<\/p>\n<p>Oplysningerne kan teknisk set gemmes p\u00e5 forskellige m\u00e5der. De mest kendte eksempler p\u00e5 dette er HTTP-cookies og cookie-lignende teknologier som lokal lagring, sessionslagring eller IndexedDB. Hver type lagring har forskellige egenskaber, som bestemmer den tekniske h\u00e5ndtering, tilg\u00e6ngelighed og ansvarlige, der er autoriseret til at f\u00e5 adgang til oplysningerne. Alle disse typer lagring opsummeres normalt under udtrykket \"cookies\" og kaldes derfor dette i denne cookiepolitik.<\/p>\n<h2 id=\"legal-basis\">Hvad er det juridiske grundlag for at indstille\/l\u00e6se cookies?<\/h2>\n<p>Indstilling og l\u00e6sning af cookies i Den Europ\u00e6iske Union (EU) og Det Europ\u00e6iske \u00d8konomiske Samarbejdsomr\u00e5de (E\u00d8S) er i overensstemmelse med \u00a7 3 Cookiebekendtg\u00f8relsen kun tilladt, hvis en bruger har givet sit samtykke p\u00e5 grundlag af omfattende oplysninger om form\u00e5let med behandlingen. Hjemmesideoperat\u00f8ren kan ogs\u00e5 indstille cookies, hvis de er strengt n\u00f8dvendige for at give dig som bruger den udtrykkeligt anmodede tjeneste, f.eks. det grundl\u00e6ggende indhold p\u00e5 denne hjemmeside eller andre strengt n\u00f8dvendige cookies til grundl\u00e6ggende funktionalitet p\u00e5 hjemmesiden, der skal vises til dig uden dit samtykke.<\/p>\n<h2 id=\"rights-of-visitor\">Hvilke rettigheder har den bes\u00f8gende p\u00e5 hjemmesiden?<\/h2>\n<p>Services og deres cookies kan indstilles og l\u00e6ses p\u00e5 det juridiske grundlag af dit samtykke eller en legitim interesse. Da du bes\u00f8gte denne hjemmeside for f\u00f8rste gang, blev du bedt om dit samtykke, og du havde mulighed for at g\u00f8re indsigelse mod brugen af visse services. Vi har forklaret, hvilket retsgrundlag der anvendes til hvilken service i vores samtykkedialog.<\/p>\n<p>Du har til enhver tid ret til at se historikken over dine beslutninger, \u00e6ndre dine privatlivsindstillinger, g\u00f8re indsigelse mod brugen af services og tilbagekalde dit samtykke. Nedenfor finder du muligheder for at ud\u00f8ve dine rettigheder:<\/p>\n<ul>\n<li><a  href=\"#consent-change\" role=\"button\" id=\"rcb-sc-link-change\" data-success-message=\"\" class=\"rcb-sc-link rcb-sc-link-change \">Skift privatlivsindstillinger<\/a><\/li>\n<li><a  href=\"#consent-history\" role=\"button\" id=\"rcb-sc-link-history\" data-success-message=\"\" class=\"rcb-sc-link rcb-sc-link-history \">Historik for privatlivsindstillinger<\/a><\/li>\n<li><a  href=\"#consent-revoke\" role=\"button\" id=\"rcb-sc-link-revoke\" data-success-message=\"Du har tilbagekaldt dit samtykke til services med tilh\u00f8rende cookies og behandling af persondata. Siden vil blive genindl\u00e6st nu!\" class=\"rcb-sc-link rcb-sc-link-revoke \">Tilbagekald samtykker<\/a><\/li>\n<\/ul>\n<h2 id=\"manage-cookies\">Hvordan h\u00e5ndterer man cookies i en browser?<\/h2>\n<ul>\n<li><strong>S\u00e5dan fjerner du cookies i en browser:<\/strong> Hvis du vil fjerne cookies fra din enhed, kan du rydde browserdata i indstillingerne i din browser. Denne handling fjerner alle cookies fra alle hjemmesider, du har bes\u00f8gt, herunder potentielt gemte loginoplysninger og hjemmesidepr\u00e6ferencer. I nogle browsere kan du n\u00f8jes med at slette cookies og lignende data uden at slette hele browserhistorikken.<\/li>\n<li><strong>S\u00e5dan h\u00e5ndterer du cookies i en browser:<\/strong> For at f\u00e5 mere detaljeret kontrol over cookies, der er specifikke for bestemte hjemmesider, skal du g\u00e5 til indstillingerne for privatliv og cookies i din brugte browser. Her kan du justere pr\u00e6ferencerne for de enkelte hjemmesiders brug af cookies.<\/li>\n<li><strong>S\u00e5dan blokerer du for cookies i en browser:<\/strong> Det er muligt at konfigurere de fleste moderne browsere i deres indstillinger til at blokere alle cookies fra at blive placeret p\u00e5 din enhed. Men blokering af cookies kan f\u00f8re til, at visse services og funktioner ikke fungerer korrekt, f.eks. logins som bruger. Du kan ogs\u00e5 bruge udvidelser til mange browsere, som kan blokere indstillingen af cookies p\u00e5 hjemmesider.<\/li>\n<li><strong>S\u00e5dan administrerer du cookies p\u00e5 denne hjemmeside:<\/strong> For at skr\u00e6ddersy dine pr\u00e6ferencer vedr\u00f8rende cookies p\u00e5 denne hjemmeside kan du til enhver tid \u00e6ndre dine pr\u00e6ferencer ved at klikke p\u00e5 linket i afsnittet \"Hjemmesidebes\u00f8gendes rettigheder\".<\/li>\n<\/li>\n<\/ul>\n<p>Du kan finde flere oplysninger om h\u00e5ndtering af cookies <a href=\"https:\/\/devowl.io\/rcb\/cookie-handling\/\" target=\"_blank\">devowl.io\/rcb\/cookie-handling\/<\/a>.<\/p>\n<\/p>\n<h2 id=\"types-of-cookies\">Hvilke typer cookies findes der?<\/h2>\n<ul>\n<li><strong>Essentielle cookies<\/strong> er uundv\u00e6rlige for den grundl\u00e6ggende funktionalitet p\u00e5 en hjemmeside og muligg\u00f8r funktioner som f.eks. lagring af loginoplysninger eller adgang til sikre omr\u00e5der p\u00e5 hjemmeside. Disse omfatter f.eks. sikkerhedscookies, som kan identificere en bot, der ikke er \u00f8nsket p\u00e5 hjemmesiden, ved at gemme en godkendelsesn\u00f8gle i en cookie.<\/li>\n<li><strong>Funktionelle cookies<\/strong> forbedrer brugeroplevelsen ved at gemme oplysninger og pr\u00e6ferencer som f.eks. sprogindstillinger eller indstillinger for hjemmesidens udseende for at g\u00f8re den mere personlig. Dette omfatter f.eks. pr\u00e6ferencecookies, der gemmer brugerens foretrukne videokvalitet p\u00e5 en hjemmeside.<\/li>\n<li><strong>Statistikcookies<\/strong> indsamler data om brugen af en hjemmeside for at f\u00e5 indsigt i brugeradf\u00e6rd og optimere hjemmesidens ydeevne. Dette omfatter f.eks. et tilf\u00e6ldigt tildelt bruger-ID, der g\u00f8r det muligt at tilskrive, om du har bes\u00f8gt en underside p\u00e5 hjemmesiden.<\/li>\n<li><strong>Markedsf\u00f8ringscookies<\/strong> bruges til at spore brugeradf\u00e6rd p\u00e5 tv\u00e6rs af forskellige hjemmesider og til at vise personlige reklamer baseret p\u00e5 brugernes interesser og surfingadf\u00e6rd. Dette omfatter f.eks. reklamecookies, der gemmer en interaktion med en reklame p\u00e5 hjemmesiden og sender den videre til annonc\u00f8rer eller et chatsystem til sp\u00f8rgsm\u00e5l f\u00f8r salg og kundesupport.<\/li>\n<\/li>\n<\/ul>\n<p>Derudover kan cookies ogs\u00e5 bruges af services fra f\u00f8lgende grupper eller til f\u00f8lgende form\u00e5l: Essential, Statistics<\/p>\n<\/p>\n<h2 id=\"cookies-origin\">Hvem kan indstille cookies p\u00e5 denne hjemmeside?<\/h2>\n<p>P\u00e5 denne hjemmeside kan b\u00e5de hjemmesideoperat\u00f8ren og tredjepartstjenester, der bruges p\u00e5 denne hjemmeside, indstille cookies og f\u00e5 adgang til dens indhold. Hvem der har adgang til hvilke cookies og deres indhold, varierer mellem f\u00f8rsteparts- og tredjepartscookies. F\u00f8rstepartscookies oprettes af den bes\u00f8gte hjemmeside og kan kun l\u00e6ses af hjemmesidens operat\u00f8r og integrerede tredjepartstjenester p\u00e5 denne hjemmeside. Tredjepartscookies indstilles normalt af tredjepartstjenester p\u00e5 andre dom\u00e6ner, kan l\u00e6ses p\u00e5 alle hjemmesider, hvor den tjeneste, der styrer dom\u00e6net, er indlejret, og bruges f.eks. af reklamenetv\u00e6rk til at spore brugeradf\u00e6rd p\u00e5 tv\u00e6rs af forskellige hjemmesider og tilbyde personlig annoncering.<\/p>\n<h2 id=\"list-of-services\">Hvilke cookies bruges p\u00e5 denne hjemmeside?<\/h2>\n<p><script type=\"application\/json\">{\"search\":{\"placeholder\":\"S\\u00f8g...\"},\"sort\":{\"sortAsc\":\"Sort\\u00e9r kolonnen stigende\",\"sortDesc\":\"Sort\\u00e9r kolonnen faldende\"},\"pagination\":{\"previous\":\"Forrige\",\"next\":\"N\\u00e6ste\",\"navigate\":\"Side %1$d af %2$d\",\"page\":\"Side %d\",\"showing\":\"Viser\",\"of\":\"af\",\"to\":\"til\",\"results\":\"resultater\"},\"noRecordsFound\":\"Ingen matchende optegnelser fundet\"}<\/script><\/p>\n<table  class=\"devowl-wp-react-cookie-banner-cookie-policy\">\n<thead>\n<tr>\n<th width=\"200px\" scope=\"col\">Kategori<\/th>\n<th width=\"400px\" scope=\"col\">Teknisk cookienavn<\/th>\n<th width=\"400px\" scope=\"col\">Teknisk cookiev\u00e6rt<\/th>\n<th width=\"400px\" scope=\"col\">Service<\/th>\n<th width=\"250px\" scope=\"col\">Varighed<\/th>\n<th width=\"200px\" scope=\"col\">Type<\/th>\n<th width=\"550px\" scope=\"col\">Form\u00e5l<\/th>\n<\/tr>\n<\/thead>\n<tbody>\n<tr>\n<td>Essential<\/td>\n<td>real_cookie_banner*<\/td>\n<td>.frogblue.com<\/td>\n<td>Real Cookie Banner<\/td>\n<td>365 dage<\/td>\n<td>HTTP Cookie<\/td>\n<td>Identificatore unico per il consenso, ma non per il visitatore del sito web. Hash di revisione per le impostazioni del banner dei cookie (testi, colori, caratteristiche, gruppi di servizi, servizi, blocco dei contenuti, ecc.) ID per i servizi e i gruppi di servizi acconsentiti.<\/td>\n<\/tr>\n<tr>\n<td>Essential<\/td>\n<td>real_cookie_banner*-tcf<\/td>\n<td>.frogblue.com<\/td>\n<td>Real Cookie Banner<\/td>\n<td>365 dage<\/td>\n<td>HTTP Cookie<\/td>\n<td>Consensi raccolti nell'ambito del TCF memorizzati nel formato TC String, compresi i fornitori del TCF, gli scopi, gli scopi speciali, le caratteristiche e le caratteristiche speciali.<\/td>\n<\/tr>\n<tr>\n<td>Essential<\/td>\n<td>real_cookie_banner*-gcm<\/td>\n<td>.frogblue.com<\/td>\n<td>Real Cookie Banner<\/td>\n<td>365 dage<\/td>\n<td>HTTP Cookie<\/td>\n<td>Consensi in tipi di consenso (finalit\u00e0) raccolti nell'ambito della Modalit\u00e0 di consenso di Google memorizzati per tutti i servizi compatibili con la Modalit\u00e0 di consenso di Google.<\/td>\n<\/tr>\n<tr>\n<td>Essential<\/td>\n<td>real_cookie_banner-test<\/td>\n<td>.frogblue.com<\/td>\n<td>Real Cookie Banner<\/td>\n<td>365 dage<\/td>\n<td>HTTP Cookie<\/td>\n<td>Cookie impostato per testare la funzionalit\u00e0 dei cookie HTTP. Cancellato immediatamente dopo il test.<\/td>\n<\/tr>\n<tr>\n<td>Essential<\/td>\n<td>real_cookie_banner*<\/td>\n<td>https:\/\/www.frogblue.com<\/td>\n<td>Real Cookie Banner<\/td>\n<td>-<\/td>\n<td>Local Storage<\/td>\n<td>Identificatore unico per il consenso, ma non per il visitatore del sito web. Hash di revisione per le impostazioni del banner dei cookie (testi, colori, caratteristiche, gruppi di servizi, servizi, blocco dei contenuti, ecc.) ID per i servizi e i gruppi di servizi acconsentiti. Viene memorizzato solo fino a quando il consenso non viene documentato sul server del sito web.<\/td>\n<\/tr>\n<tr>\n<td>Essential<\/td>\n<td>real_cookie_banner*-tcf<\/td>\n<td>https:\/\/www.frogblue.com<\/td>\n<td>Real Cookie Banner<\/td>\n<td>-<\/td>\n<td>Local Storage<\/td>\n<td>I consensi raccolti nell'ambito del TCF vengono memorizzati nel formato TC String, compresi i fornitori del TCF, gli scopi, gli scopi speciali, le caratteristiche e le caratteristiche speciali. Viene memorizzato solo finch\u00e9 il consenso non viene documentato sul server del sito web.<\/td>\n<\/tr>\n<tr>\n<td>Essential<\/td>\n<td>real_cookie_banner*-gcm<\/td>\n<td>https:\/\/www.frogblue.com<\/td>\n<td>Real Cookie Banner<\/td>\n<td>-<\/td>\n<td>Local Storage<\/td>\n<td>I consensi raccolti in base alla Modalit\u00e0 di consenso di Google vengono memorizzati nei tipi di consenso (finalit\u00e0) per tutti i servizi compatibili con la Modalit\u00e0 di consenso di Google. Viene memorizzato solo finch\u00e9 il consenso non viene documentato sul server del sito web.<\/td>\n<\/tr>\n<tr>\n<td>Essential<\/td>\n<td>real_cookie_banner-consent-queue*<\/td>\n<td>https:\/\/www.frogblue.com<\/td>\n<td>Real Cookie Banner<\/td>\n<td>-<\/td>\n<td>Local Storage<\/td>\n<td>La cache locale della selezione nel banner dei cookie fino a quando il server documenta il consenso; la documentazione periodica o al cambio di pagina viene tentata se il server non \u00e8 disponibile o \u00e8 sovraccarico.<\/td>\n<\/tr>\n<tr>\n<td>Statistics<\/td>\n<td>_ga<\/td>\n<td>.frogblue.com<\/td>\n<td>Google Analytics<\/td>\n<td>2 \u00e5r<\/td>\n<td>HTTP Cookie<\/td>\n<td>-<\/td>\n<\/tr>\n<tr>\n<td>Statistics<\/td>\n<td>_gid<\/td>\n<td>.frogblue.com<\/td>\n<td>Google Analytics<\/td>\n<td>1 dag<\/td>\n<td>HTTP Cookie<\/td>\n<td>-<\/td>\n<\/tr>\n<tr>\n<td>Statistics<\/td>\n<td>_gat<\/td>\n<td>.frogblue.com<\/td>\n<td>Google Analytics<\/td>\n<td>1 \u00e5r<\/td>\n<td>HTTP Cookie<\/td>\n<td>-<\/td>\n<\/tr>\n<tr>\n<td>Statistics<\/td>\n<td>AMP_TOKEN<\/td>\n<td>.frogblue.com<\/td>\n<td>Google Analytics<\/td>\n<td>1 \u00e5r<\/td>\n<td>HTTP Cookie<\/td>\n<td>-<\/td>\n<\/tr>\n<tr>\n<td>Statistics<\/td>\n<td>_gac_*<\/td>\n<td>.frogblue.com<\/td>\n<td>Google Analytics<\/td>\n<td>90 dage<\/td>\n<td>HTTP Cookie<\/td>\n<td>-<\/td>\n<\/tr>\n<tr>\n<td>Statistics<\/td>\n<td>_gat_gtag_*<\/td>\n<td>.frogblue.com<\/td>\n<td>Google Analytics<\/td>\n<td>1 minut<\/td>\n<td>HTTP Cookie<\/td>\n<td>-<\/td>\n<\/tr>\n<\/tbody>\n<\/table>\n<p>Cookiepolitikken blev sidst opdateret den n\/a.<\/p>\n","protected":false},"excerpt":{"rendered":"","protected":false},"author":3,"featured_media":0,"parent":0,"menu_order":0,"comment_status":"closed","ping_status":"closed","template":"","meta":{"_acf_changed":false,"footnotes":""},"class_list":["post-45744","page","type-page","status-publish","hentry"],"acf":[],"yoast_head":"<!-- This site is optimized with the Yoast SEO plugin v27.5 - https:\/\/yoast.com\/product\/yoast-seo-wordpress\/ -->\n<title>Cookiepolitik | frogblue Smart Home Systems<\/title>\n<meta name=\"description\" content=\"Cookiepolitik - Revolutionerende enkelt, tr\u00e5dl\u00f8st og sikkert.\" \/>\n<meta name=\"robots\" content=\"index, follow, max-snippet:-1, max-image-preview:large, max-video-preview:-1\" \/>\n<link rel=\"canonical\" href=\"https:\/\/www.frogblue.com\/da\/cookiepolitik\/\" \/>\n<meta property=\"og:locale\" content=\"da_DK\" \/>\n<meta property=\"og:type\" content=\"article\" \/>\n<meta property=\"og:title\" content=\"Cookiepolitik | frogblue Smart Home Systems\" \/>\n<meta property=\"og:description\" content=\"Cookiepolitik - Revolutionerende enkelt, tr\u00e5dl\u00f8st og sikkert.\" \/>\n<meta property=\"og:url\" content=\"https:\/\/www.frogblue.com\/da\/cookiepolitik\/\" \/>\n<meta property=\"og:site_name\" content=\"frogblue Smart Home Systems\" \/>\n<meta name=\"twitter:card\" content=\"summary_large_image\" \/>\n<script type=\"application\/ld+json\" class=\"yoast-schema-graph\">{\"@context\":\"https:\\\/\\\/schema.org\",\"@graph\":[{\"@type\":\"WebPage\",\"@id\":\"https:\\\/\\\/www.frogblue.com\\\/da\\\/cookiepolitik\\\/\",\"url\":\"https:\\\/\\\/www.frogblue.com\\\/da\\\/cookiepolitik\\\/\",\"name\":\"Cookiepolitik | frogblue Smart Home Systems\",\"isPartOf\":{\"@id\":\"https:\\\/\\\/www.frogblue.com\\\/da\\\/#website\"},\"datePublished\":\"2025-06-04T14:48:26+00:00\",\"description\":\"Cookiepolitik - Revolutionerende enkelt, tr\u00e5dl\u00f8st og sikkert.\",\"breadcrumb\":{\"@id\":\"https:\\\/\\\/www.frogblue.com\\\/da\\\/cookiepolitik\\\/#breadcrumb\"},\"inLanguage\":\"da-DK\",\"potentialAction\":[{\"@type\":\"ReadAction\",\"target\":[\"https:\\\/\\\/www.frogblue.com\\\/da\\\/cookiepolitik\\\/\"]}]},{\"@type\":\"BreadcrumbList\",\"@id\":\"https:\\\/\\\/www.frogblue.com\\\/da\\\/cookiepolitik\\\/#breadcrumb\",\"itemListElement\":[{\"@type\":\"ListItem\",\"position\":1,\"name\":\"Startseite\",\"item\":\"https:\\\/\\\/www.frogblue.com\\\/da\\\/\"},{\"@type\":\"ListItem\",\"position\":2,\"name\":\"Cookiepolitik\"}]},{\"@type\":\"WebSite\",\"@id\":\"https:\\\/\\\/www.frogblue.com\\\/da\\\/#website\",\"url\":\"https:\\\/\\\/www.frogblue.com\\\/da\\\/\",\"name\":\"frogblue Smart Home Systems\",\"description\":\"Smart Home &amp; Building Technology\",\"publisher\":{\"@id\":\"https:\\\/\\\/www.frogblue.com\\\/da\\\/#organization\"},\"potentialAction\":[{\"@type\":\"SearchAction\",\"target\":{\"@type\":\"EntryPoint\",\"urlTemplate\":\"https:\\\/\\\/www.frogblue.com\\\/da\\\/?s={search_term_string}\"},\"query-input\":{\"@type\":\"PropertyValueSpecification\",\"valueRequired\":true,\"valueName\":\"search_term_string\"}}],\"inLanguage\":\"da-DK\"},{\"@type\":\"Organization\",\"@id\":\"https:\\\/\\\/www.frogblue.com\\\/da\\\/#organization\",\"name\":\"Frogblue\",\"url\":\"https:\\\/\\\/www.frogblue.com\\\/da\\\/\",\"logo\":{\"@type\":\"ImageObject\",\"inLanguage\":\"da-DK\",\"@id\":\"https:\\\/\\\/www.frogblue.com\\\/da\\\/#\\\/schema\\\/logo\\\/image\\\/\",\"url\":\"https:\\\/\\\/www.frogblue.com\\\/wp-content\\\/uploads\\\/2021\\\/04\\\/frogblue.jpg\",\"contentUrl\":\"https:\\\/\\\/www.frogblue.com\\\/wp-content\\\/uploads\\\/2021\\\/04\\\/frogblue.jpg\",\"width\":225,\"height\":225,\"caption\":\"Frogblue\"},\"image\":{\"@id\":\"https:\\\/\\\/www.frogblue.com\\\/da\\\/#\\\/schema\\\/logo\\\/image\\\/\"}}]}<\/script>\n<!-- \/ Yoast SEO plugin. -->","yoast_head_json":{"title":"Cookiepolitik | frogblue Smart Home Systems","description":"Cookiepolitik - Revolutionerende enkelt, tr\u00e5dl\u00f8st og sikkert.","robots":{"index":"index","follow":"follow","max-snippet":"max-snippet:-1","max-image-preview":"max-image-preview:large","max-video-preview":"max-video-preview:-1"},"canonical":"https:\/\/www.frogblue.com\/da\/cookiepolitik\/","og_locale":"da_DK","og_type":"article","og_title":"Cookiepolitik | frogblue Smart Home Systems","og_description":"Cookiepolitik - Revolutionerende enkelt, tr\u00e5dl\u00f8st og sikkert.","og_url":"https:\/\/www.frogblue.com\/da\/cookiepolitik\/","og_site_name":"frogblue Smart Home Systems","twitter_card":"summary_large_image","schema":{"@context":"https:\/\/schema.org","@graph":[{"@type":"WebPage","@id":"https:\/\/www.frogblue.com\/da\/cookiepolitik\/","url":"https:\/\/www.frogblue.com\/da\/cookiepolitik\/","name":"Cookiepolitik | frogblue Smart Home Systems","isPartOf":{"@id":"https:\/\/www.frogblue.com\/da\/#website"},"datePublished":"2025-06-04T14:48:26+00:00","description":"Cookiepolitik - Revolutionerende enkelt, tr\u00e5dl\u00f8st og sikkert.","breadcrumb":{"@id":"https:\/\/www.frogblue.com\/da\/cookiepolitik\/#breadcrumb"},"inLanguage":"da-DK","potentialAction":[{"@type":"ReadAction","target":["https:\/\/www.frogblue.com\/da\/cookiepolitik\/"]}]},{"@type":"BreadcrumbList","@id":"https:\/\/www.frogblue.com\/da\/cookiepolitik\/#breadcrumb","itemListElement":[{"@type":"ListItem","position":1,"name":"Startseite","item":"https:\/\/www.frogblue.com\/da\/"},{"@type":"ListItem","position":2,"name":"Cookiepolitik"}]},{"@type":"WebSite","@id":"https:\/\/www.frogblue.com\/da\/#website","url":"https:\/\/www.frogblue.com\/da\/","name":"frogblue Smart Home Systems","description":"Smart Home &amp; Building Technology","publisher":{"@id":"https:\/\/www.frogblue.com\/da\/#organization"},"potentialAction":[{"@type":"SearchAction","target":{"@type":"EntryPoint","urlTemplate":"https:\/\/www.frogblue.com\/da\/?s={search_term_string}"},"query-input":{"@type":"PropertyValueSpecification","valueRequired":true,"valueName":"search_term_string"}}],"inLanguage":"da-DK"},{"@type":"Organization","@id":"https:\/\/www.frogblue.com\/da\/#organization","name":"Frogblue","url":"https:\/\/www.frogblue.com\/da\/","logo":{"@type":"ImageObject","inLanguage":"da-DK","@id":"https:\/\/www.frogblue.com\/da\/#\/schema\/logo\/image\/","url":"https:\/\/www.frogblue.com\/wp-content\/uploads\/2021\/04\/frogblue.jpg","contentUrl":"https:\/\/www.frogblue.com\/wp-content\/uploads\/2021\/04\/frogblue.jpg","width":225,"height":225,"caption":"Frogblue"},"image":{"@id":"https:\/\/www.frogblue.com\/da\/#\/schema\/logo\/image\/"}}]}},"_links":{"self":[{"href":"https:\/\/www.frogblue.com\/da\/wp-json\/wp\/v2\/pages\/45744","targetHints":{"allow":["GET"]}}],"collection":[{"href":"https:\/\/www.frogblue.com\/da\/wp-json\/wp\/v2\/pages"}],"about":[{"href":"https:\/\/www.frogblue.com\/da\/wp-json\/wp\/v2\/types\/page"}],"author":[{"embeddable":true,"href":"https:\/\/www.frogblue.com\/da\/wp-json\/wp\/v2\/users\/3"}],"replies":[{"embeddable":true,"href":"https:\/\/www.frogblue.com\/da\/wp-json\/wp\/v2\/comments?post=45744"}],"version-history":[{"count":0,"href":"https:\/\/www.frogblue.com\/da\/wp-json\/wp\/v2\/pages\/45744\/revisions"}],"wp:attachment":[{"href":"https:\/\/www.frogblue.com\/da\/wp-json\/wp\/v2\/media?parent=45744"}],"curies":[{"name":"wp","href":"https:\/\/api.w.org\/{rel}","templated":true}]}}